{"id":442,"date":"2022-04-29T13:13:04","date_gmt":"2022-04-29T11:13:04","guid":{"rendered":"https:\/\/www.polaris-con.de\/?page_id=442"},"modified":"2025-03-25T21:37:02","modified_gmt":"2025-03-25T19:37:02","slug":"impressum-imprint","status":"publish","type":"page","link":"https:\/\/polaris.wp.super-crowd.com\/en\/impressum-imprint\/","title":{"rendered":"Impressum \/ Imprint"},"content":{"rendered":"<div data-elementor-type=\"wp-page\" data-elementor-id=\"442\" class=\"elementor elementor-442\" data-elementor-post-type=\"page\">\n\t\t\t\t<div class=\"elementor-element elementor-element-1851466 e-con-full e-flex e-con e-parent\" data-id=\"1851466\" data-element_type=\"container\" data-e-type=\"container\" data-settings=\"{&quot;background_background&quot;:&quot;classic&quot;}\">\n\t\t<div class=\"elementor-element elementor-element-3cd74bb e-con-full e-flex e-con e-child\" data-id=\"3cd74bb\" data-element_type=\"container\" data-e-type=\"container\">\n\t\t\t\t<div class=\"elementor-element elementor-element-3a8bca3 elementor-widget elementor-widget-pix-text\" data-id=\"3a8bca3\" data-element_type=\"widget\" data-e-type=\"widget\" data-widget_type=\"pix-text.default\">\n\t\t\t\t<div class=\"elementor-widget-container\">\n\t\t\t\t\t<div class=\"pix-el-text w-100 text-center\" ><p class=\"resp-option text-center\"><p>Imprint<\/p><\/p><\/div>\t\t\t\t<\/div>\n\t\t\t\t<\/div>\n\t\t\t\t<\/div>\n\t\t\t\t<\/div>\n\t\t<div class=\"elementor-element elementor-element-d7929ff e-flex e-con-boxed e-con e-parent\" data-id=\"d7929ff\" data-element_type=\"container\" data-e-type=\"container\" data-settings=\"{&quot;background_background&quot;:&quot;classic&quot;}\">\n\t\t\t\t\t<div class=\"e-con-inner\">\n\t\t<div class=\"elementor-element elementor-element-b77dcf0 e-con-full e-flex e-con e-child\" data-id=\"b77dcf0\" data-element_type=\"container\" data-e-type=\"container\" data-settings=\"{&quot;background_background&quot;:&quot;classic&quot;}\">\n\t\t\t\t<div class=\"elementor-element elementor-element-4d77b91 elementor-widget elementor-widget-heading\" data-id=\"4d77b91\" data-element_type=\"widget\" data-e-type=\"widget\" data-widget_type=\"heading.default\">\n\t\t\t\t<div class=\"elementor-widget-container\">\n\t\t\t\t\t<h4 class=\"elementor-heading-title elementor-size-default\">Impressum \/ Legal Notice<\/h4>\t\t\t\t<\/div>\n\t\t\t\t<\/div>\n\t\t\t\t<div class=\"elementor-element elementor-element-bae6a7b elementor-widget elementor-widget-text-editor\" data-id=\"bae6a7b\" data-element_type=\"widget\" data-e-type=\"widget\" data-widget_type=\"text-editor.default\">\n\t\t\t\t<div class=\"elementor-widget-container\">\n\t\t\t\t\t\t\t\t\t<p><span style=\"color: #ffffff;\">Super Crowd Entertainment GmbH<\/span><br \/><span style=\"color: #ffffff;\">Eiderstra\u00dfe 10<\/span><br \/><span style=\"color: #ffffff;\">22047 Hamburg<\/span><br \/><span style=\"color: #ffffff;\">0177-4766842<\/span><br \/><span style=\"color: #ffffff;\">polariscon@super-crowd.com<\/span><\/p><h6><strong><span style=\"color: #ffffff;\">Gesch\u00e4ftsf\u00fchrung \/ Managing Director:<\/span><\/strong><\/h6><p><span style=\"color: #ffffff;\">Wolf Lang<\/span><\/p><h6><strong><span style=\"color: #ffffff;\">Sitz der Gesellschaft und Gerichtsstand \/ Registered office and place of jurisdiction:<\/span><\/strong><\/h6><p><span style=\"color: #ffffff;\">Hamburg \u2013 Amtsgericht Hamburg, HRB 146445<\/span><br \/><span style=\"color: #ffffff;\">USt.-ID: DE311767490<\/span><\/p>\t\t\t\t\t\t\t\t<\/div>\n\t\t\t\t<\/div>\n\t\t\t\t<\/div>\n\t\t\t\t\t<\/div>\n\t\t\t\t<\/div>\n\t\t\t\t<\/div>","protected":false},"excerpt":{"rendered":"<p>Impressum Impressum \/ Legal Notice Super Crowd Entertainment GmbHEiderstra\u00dfe 1022047 Hamburg0177-4766842polariscon@super-crowd.com Gesch\u00e4ftsf\u00fchrung \/ Managing Director: Wolf Lang Sitz der Gesellschaft und Gerichtsstand \/ Registered office and place of jurisdiction: Hamburg \u2013 Amtsgericht Hamburg, HRB 146445USt.-ID: DE311767490<\/p>","protected":false},"author":2,"featured_media":0,"parent":0,"menu_order":0,"comment_status":"closed","ping_status":"closed","template":"","meta":{"footnotes":""},"class_list":["post-442","page","type-page","status-publish","hentry"],"yoast_head":"<!-- This site is optimized with the Yoast SEO plugin v27.3 - https:\/\/yoast.com\/product\/yoast-seo-wordpress\/ -->\n<title>Impressum \/ Imprint - POLARIS<\/title>\n<meta name=\"description\" content=\"Das Impressum der Polaris in Hamburg.\" \/>\n<meta name=\"robots\" content=\"index, follow, max-snippet:-1, max-image-preview:large, max-video-preview:-1\" \/>\n<link rel=\"canonical\" href=\"https:\/\/polaris.wp.super-crowd.com\/en\/impressum-imprint\/\" \/>\n<meta property=\"og:locale\" content=\"en_US\" \/>\n<meta property=\"og:type\" content=\"article\" \/>\n<meta property=\"og:title\" content=\"Impressum \/ Imprint - POLARIS\" \/>\n<meta property=\"og:description\" content=\"Das Impressum der Polaris in Hamburg.\" \/>\n<meta property=\"og:url\" content=\"https:\/\/polaris.wp.super-crowd.com\/en\/impressum-imprint\/\" \/>\n<meta property=\"og:site_name\" content=\"POLARIS\" \/>\n<meta property=\"article:modified_time\" content=\"2025-03-25T19:37:02+00:00\" \/>\n<meta name=\"twitter:card\" content=\"summary_large_image\" \/>\n<meta name=\"twitter:label1\" content=\"Est. reading time\" \/>\n\t<meta name=\"twitter:data1\" content=\"1 minute\" \/>\n<script type=\"application\/ld+json\" class=\"yoast-schema-graph\">{\"@context\":\"https:\\\/\\\/schema.org\",\"@graph\":[{\"@type\":\"WebPage\",\"@id\":\"https:\\\/\\\/polaris.wp.super-crowd.com\\\/en\\\/impressum-imprint\\\/\",\"url\":\"https:\\\/\\\/polaris.wp.super-crowd.com\\\/en\\\/impressum-imprint\\\/\",\"name\":\"Impressum \\\/ Imprint - POLARIS\",\"isPartOf\":{\"@id\":\"https:\\\/\\\/polaris.wp.super-crowd.com\\\/de_de\\\/#website\"},\"datePublished\":\"2022-04-29T11:13:04+00:00\",\"dateModified\":\"2025-03-25T19:37:02+00:00\",\"description\":\"Das Impressum der Polaris in Hamburg.\",\"inLanguage\":\"en-US\",\"potentialAction\":[{\"@type\":\"ReadAction\",\"target\":[\"https:\\\/\\\/polaris.wp.super-crowd.com\\\/en\\\/impressum-imprint\\\/\"]}]},{\"@type\":\"WebSite\",\"@id\":\"https:\\\/\\\/polaris.wp.super-crowd.com\\\/de_de\\\/#website\",\"url\":\"https:\\\/\\\/polaris.wp.super-crowd.com\\\/de_de\\\/\",\"name\":\"POLARIS\",\"description\":\"Dein Community-Universum\",\"potentialAction\":[{\"@type\":\"SearchAction\",\"target\":{\"@type\":\"EntryPoint\",\"urlTemplate\":\"https:\\\/\\\/polaris.wp.super-crowd.com\\\/de_de\\\/?s={search_term_string}\"},\"query-input\":{\"@type\":\"PropertyValueSpecification\",\"valueRequired\":true,\"valueName\":\"search_term_string\"}}],\"inLanguage\":\"en-US\"}]}<\/script>\n<!-- \/ Yoast SEO plugin. -->","yoast_head_json":{"title":"Impressum \/ Imprint - POLARIS","description":"Das Impressum der Polaris in Hamburg.","robots":{"index":"index","follow":"follow","max-snippet":"max-snippet:-1","max-image-preview":"max-image-preview:large","max-video-preview":"max-video-preview:-1"},"canonical":"https:\/\/polaris.wp.super-crowd.com\/en\/impressum-imprint\/","og_locale":"en_US","og_type":"article","og_title":"Impressum \/ Imprint - POLARIS","og_description":"Das Impressum der Polaris in Hamburg.","og_url":"https:\/\/polaris.wp.super-crowd.com\/en\/impressum-imprint\/","og_site_name":"POLARIS","article_modified_time":"2025-03-25T19:37:02+00:00","twitter_card":"summary_large_image","twitter_misc":{"Est. reading time":"1 minute"},"schema":{"@context":"https:\/\/schema.org","@graph":[{"@type":"WebPage","@id":"https:\/\/polaris.wp.super-crowd.com\/en\/impressum-imprint\/","url":"https:\/\/polaris.wp.super-crowd.com\/en\/impressum-imprint\/","name":"Impressum \/ Imprint - POLARIS","isPartOf":{"@id":"https:\/\/polaris.wp.super-crowd.com\/de_de\/#website"},"datePublished":"2022-04-29T11:13:04+00:00","dateModified":"2025-03-25T19:37:02+00:00","description":"Das Impressum der Polaris in Hamburg.","inLanguage":"en-US","potentialAction":[{"@type":"ReadAction","target":["https:\/\/polaris.wp.super-crowd.com\/en\/impressum-imprint\/"]}]},{"@type":"WebSite","@id":"https:\/\/polaris.wp.super-crowd.com\/de_de\/#website","url":"https:\/\/polaris.wp.super-crowd.com\/de_de\/","name":"POLARIS","description":"Your Community Universe","potentialAction":[{"@type":"SearchAction","target":{"@type":"EntryPoint","urlTemplate":"https:\/\/polaris.wp.super-crowd.com\/de_de\/?s={search_term_string}"},"query-input":{"@type":"PropertyValueSpecification","valueRequired":true,"valueName":"search_term_string"}}],"inLanguage":"en-US"}]}},"_links":{"self":[{"href":"https:\/\/polaris.wp.super-crowd.com\/en\/wp-json\/wp\/v2\/pages\/442","targetHints":{"allow":["GET"]}}],"collection":[{"href":"https:\/\/polaris.wp.super-crowd.com\/en\/wp-json\/wp\/v2\/pages"}],"about":[{"href":"https:\/\/polaris.wp.super-crowd.com\/en\/wp-json\/wp\/v2\/types\/page"}],"author":[{"embeddable":true,"href":"https:\/\/polaris.wp.super-crowd.com\/en\/wp-json\/wp\/v2\/users\/2"}],"replies":[{"embeddable":true,"href":"https:\/\/polaris.wp.super-crowd.com\/en\/wp-json\/wp\/v2\/comments?post=442"}],"version-history":[{"count":55,"href":"https:\/\/polaris.wp.super-crowd.com\/en\/wp-json\/wp\/v2\/pages\/442\/revisions"}],"predecessor-version":[{"id":36342,"href":"https:\/\/polaris.wp.super-crowd.com\/en\/wp-json\/wp\/v2\/pages\/442\/revisions\/36342"}],"wp:attachment":[{"href":"https:\/\/polaris.wp.super-crowd.com\/en\/wp-json\/wp\/v2\/media?parent=442"}],"curies":[{"name":"wp","href":"https:\/\/api.w.org\/{rel}","templated":true}]}}