{"id":44049,"date":"2025-07-01T02:00:22","date_gmt":"2025-07-01T00:00:22","guid":{"rendered":"https:\/\/polaris-con.de\/?page_id=44049"},"modified":"2026-01-05T17:43:00","modified_gmt":"2026-01-05T15:43:00","slug":"barrierefreiheit","status":"publish","type":"page","link":"https:\/\/polaris.wp.super-crowd.com\/de_de_de\/barrierefreiheit\/","title":{"rendered":"Barrierefreiheit"},"content":{"rendered":"\t\t<div data-elementor-type=\"wp-page\" data-elementor-id=\"44049\" class=\"elementor elementor-44049\" data-elementor-post-type=\"page\">\n\t\t\t\t<div class=\"elementor-element elementor-element-0d27046 e-con-full e-flex e-con e-parent\" data-id=\"0d27046\" data-element_type=\"container\" data-e-type=\"container\" data-settings=\"{&quot;background_background&quot;:&quot;classic&quot;}\">\n\t\t<div class=\"elementor-element elementor-element-f7d9af2 e-con-full e-flex e-con e-child\" data-id=\"f7d9af2\" data-element_type=\"container\" data-e-type=\"container\">\n\t\t\t\t<div class=\"elementor-element elementor-element-0988dfe elementor-widget elementor-widget-pix-text\" data-id=\"0988dfe\" data-element_type=\"widget\" data-e-type=\"widget\" data-widget_type=\"pix-text.default\">\n\t\t\t\t<div class=\"elementor-widget-container\">\n\t\t\t\t\t<div class=\"pix-el-text w-100 text-center \" ><p class=\"resp-option text-center \"><p>Barrierefreiheit<\/p><\/p><\/div>\t\t\t\t<\/div>\n\t\t\t\t<\/div>\n\t\t\t\t<\/div>\n\t\t\t\t<\/div>\n\t\t<div class=\"elementor-element elementor-element-e629ce7 e-flex e-con-boxed e-con e-parent\" data-id=\"e629ce7\" data-element_type=\"container\" data-e-type=\"container\" data-settings=\"{&quot;background_background&quot;:&quot;classic&quot;}\">\n\t\t\t\t\t<div class=\"e-con-inner\">\n\t\t<div class=\"elementor-element elementor-element-fd80255 e-con-full e-flex e-con e-child\" data-id=\"fd80255\" data-element_type=\"container\" data-e-type=\"container\">\n\t\t<div class=\"elementor-element elementor-element-24cc398 e-con-full e-flex e-con e-child\" data-id=\"24cc398\" data-element_type=\"container\" data-e-type=\"container\" data-settings=\"{&quot;background_background&quot;:&quot;classic&quot;}\">\n\t\t\t\t<div class=\"elementor-element elementor-element-4750c0b elementor-widget elementor-widget-heading\" data-id=\"4750c0b\" data-element_type=\"widget\" data-e-type=\"widget\" data-widget_type=\"heading.default\">\n\t\t\t\t<div class=\"elementor-widget-container\">\n\t\t\t\t\t<h4 class=\"elementor-heading-title elementor-size-default\">Erkl\u00e4rung zur Barrierefreiheit<\/h4>\t\t\t\t<\/div>\n\t\t\t\t<\/div>\n\t\t\t\t<div class=\"elementor-element elementor-element-0144f9c elementor-widget elementor-widget-heading\" data-id=\"0144f9c\" data-element_type=\"widget\" data-e-type=\"widget\" data-widget_type=\"heading.default\">\n\t\t\t\t<div class=\"elementor-widget-container\">\n\t\t\t\t\t<h4 class=\"elementor-heading-title elementor-size-default\">Rechtsgrundlage<\/h4>\t\t\t\t<\/div>\n\t\t\t\t<\/div>\n\t\t\t\t<div class=\"elementor-element elementor-element-e010afd elementor-widget elementor-widget-text-editor\" data-id=\"e010afd\" data-element_type=\"widget\" data-e-type=\"widget\" data-widget_type=\"text-editor.default\">\n\t\t\t\t<div class=\"elementor-widget-container\">\n\t\t\t\t\t\t\t\t\t<p>Diese Erkl\u00e4rung wurde gem\u00e4\u00df dem Barrierefreiheitsst\u00e4rkungsgesetz (BFSG) erstellt.<\/p>\t\t\t\t\t\t\t\t<\/div>\n\t\t\t\t<\/div>\n\t\t\t\t<div class=\"elementor-element elementor-element-5e20788 elementor-widget elementor-widget-heading\" data-id=\"5e20788\" data-element_type=\"widget\" data-e-type=\"widget\" data-widget_type=\"heading.default\">\n\t\t\t\t<div class=\"elementor-widget-container\">\n\t\t\t\t\t<h4 class=\"elementor-heading-title elementor-size-default\">Grundsatz<\/h4>\t\t\t\t<\/div>\n\t\t\t\t<\/div>\n\t\t\t\t<div class=\"elementor-element elementor-element-463aaae elementor-widget elementor-widget-text-editor\" data-id=\"463aaae\" data-element_type=\"widget\" data-e-type=\"widget\" data-widget_type=\"text-editor.default\">\n\t\t\t\t<div class=\"elementor-widget-container\">\n\t\t\t\t\t\t\t\t\t<p>Wir m\u00f6chten allen Menschen den Zugang zu unseren digitalen Inhalten erm\u00f6glichen \u2013 unabh\u00e4ngig von individuellen Einschr\u00e4nkungen. Deshalb arbeiten wir kontinuierlich daran, die Barrierefreiheit unserer Websites zu verbessern.<\/p>\t\t\t\t\t\t\t\t<\/div>\n\t\t\t\t<\/div>\n\t\t\t\t<div class=\"elementor-element elementor-element-c1e1de2 elementor-widget elementor-widget-heading\" data-id=\"c1e1de2\" data-element_type=\"widget\" data-e-type=\"widget\" data-widget_type=\"heading.default\">\n\t\t\t\t<div class=\"elementor-widget-container\">\n\t\t\t\t\t<h4 class=\"elementor-heading-title elementor-size-default\">Stand der Vereinbarkeit<\/h4>\t\t\t\t<\/div>\n\t\t\t\t<\/div>\n\t\t\t\t<div class=\"elementor-element elementor-element-05bab33 elementor-widget elementor-widget-text-editor\" data-id=\"05bab33\" data-element_type=\"widget\" data-e-type=\"widget\" data-widget_type=\"text-editor.default\">\n\t\t\t\t<div class=\"elementor-widget-container\">\n\t\t\t\t\t\t\t\t\t<p>Diese Website ist teilweise mit den Anforderungen der WCAG 2.1 auf Konformit\u00e4tsstufe AA vereinbar.<\/p>\t\t\t\t\t\t\t\t<\/div>\n\t\t\t\t<\/div>\n\t\t\t\t<div class=\"elementor-element elementor-element-358a593 elementor-widget elementor-widget-heading\" data-id=\"358a593\" data-element_type=\"widget\" data-e-type=\"widget\" data-widget_type=\"heading.default\">\n\t\t\t\t<div class=\"elementor-widget-container\">\n\t\t\t\t\t<h4 class=\"elementor-heading-title elementor-size-default\">Ma\u00dfnahmen zur Verbesserung der Barrierefreiheit<\/h4>\t\t\t\t<\/div>\n\t\t\t\t<\/div>\n\t\t\t\t<div class=\"elementor-element elementor-element-62bd6e1 elementor-widget elementor-widget-text-editor\" data-id=\"62bd6e1\" data-element_type=\"widget\" data-e-type=\"widget\" data-widget_type=\"text-editor.default\">\n\t\t\t\t<div class=\"elementor-widget-container\">\n\t\t\t\t\t\t\t\t\t<p>Unsere Websites nutzen mehrere technische und redaktionelle Ans\u00e4tze, um barrierefreier zu werden:<\/p><ul><li>Wir verwenden ein Plugin, das es Nutzer:innen erm\u00f6glicht, die Darstellung individuell anzupassen (z.\u202fB. Schriftgr\u00f6\u00dfe, Kontrast, Screenreader-Unterst\u00fctzung).<\/li><li>Viele dieser Funktionen sind automatisch verf\u00fcgbar und ohne technisches Vorwissen nutzbar.<\/li><li>Inhalte werden schrittweise in einfacher Sprache angeboten \u2013 das erfordert redaktionellen Mehraufwand und wird laufend erweitert.<\/li><\/ul>\t\t\t\t\t\t\t\t<\/div>\n\t\t\t\t<\/div>\n\t\t\t\t<\/div>\n\t\t\t\t<\/div>\n\t\t<div class=\"elementor-element elementor-element-4fb7198 e-con-full e-flex e-con e-child\" data-id=\"4fb7198\" data-element_type=\"container\" data-e-type=\"container\">\n\t\t<div class=\"elementor-element elementor-element-6feee25 e-con-full e-flex e-con e-child\" data-id=\"6feee25\" data-element_type=\"container\" data-e-type=\"container\" data-settings=\"{&quot;background_background&quot;:&quot;classic&quot;}\">\n\t\t\t\t<div class=\"elementor-element elementor-element-968bd36 elementor-widget elementor-widget-heading\" data-id=\"968bd36\" data-element_type=\"widget\" data-e-type=\"widget\" data-widget_type=\"heading.default\">\n\t\t\t\t<div class=\"elementor-widget-container\">\n\t\t\t\t\t<h4 class=\"elementor-heading-title elementor-size-default\">Nicht barrierefreie Inhalte<\/h4>\t\t\t\t<\/div>\n\t\t\t\t<\/div>\n\t\t\t\t<div class=\"elementor-element elementor-element-56c4cd5 elementor-widget elementor-widget-text-editor\" data-id=\"56c4cd5\" data-element_type=\"widget\" data-e-type=\"widget\" data-widget_type=\"text-editor.default\">\n\t\t\t\t<div class=\"elementor-widget-container\">\n\t\t\t\t\t\t\t\t\t<ul><li><span style=\"font-weight: 400;\">Einige<\/span><span style=\"font-weight: 400;\"> interaktive Karten, PDF-Dokumente und eingebettete Inhalte von Drittanbietern<\/span><span style=\"font-weight: 400;\"> sind noch nicht vollst\u00e4ndig barrierefrei.<\/span><\/li><\/ul>\t\t\t\t\t\t\t\t<\/div>\n\t\t\t\t<\/div>\n\t\t\t\t<\/div>\n\t\t\t\t<\/div>\n\t\t<div class=\"elementor-element elementor-element-d9c7bd7 e-con-full e-flex e-con e-child\" data-id=\"d9c7bd7\" data-element_type=\"container\" data-e-type=\"container\">\n\t\t<div class=\"elementor-element elementor-element-e430f41 e-con-full e-flex e-con e-child\" data-id=\"e430f41\" data-element_type=\"container\" data-e-type=\"container\" data-settings=\"{&quot;background_background&quot;:&quot;classic&quot;}\">\n\t\t\t\t<div class=\"elementor-element elementor-element-3c7c5e0 elementor-widget elementor-widget-heading\" data-id=\"3c7c5e0\" data-element_type=\"widget\" data-e-type=\"widget\" data-widget_type=\"heading.default\">\n\t\t\t\t<div class=\"elementor-widget-container\">\n\t\t\t\t\t<h4 class=\"elementor-heading-title elementor-size-default\">Feedback und Kontakt<\/h4>\t\t\t\t<\/div>\n\t\t\t\t<\/div>\n\t\t\t\t<div class=\"elementor-element elementor-element-ea6eea6 elementor-widget elementor-widget-text-editor\" data-id=\"ea6eea6\" data-element_type=\"widget\" data-e-type=\"widget\" data-widget_type=\"text-editor.default\">\n\t\t\t\t<div class=\"elementor-widget-container\">\n\t\t\t\t\t\t\t\t\t<p><span style=\"font-weight: 400;\">Trotz aller Bem\u00fchungen ist es m\u00f6glich, dass einige Inhalte oder Funktionen f\u00fcr einzelne Nutzer:innen nicht vollst\u00e4ndig barrierefrei sind. Wir nehmen Hinweise zur Verbesserung der Barrierefreiheit ernst und freuen uns \u00fcber Feedback.<\/span><\/p><p>Wenn Sie Barrieren auf unserer Website entdecken<span style=\"font-weight: 400;\">, schreiben Sie uns gerne eine E-Mail oder nutzen Sie das Kontaktformular:<br \/><a href=\"mailto:accessibility@super-crowd.com\">accessibility@super-crowd.com<\/a><br \/><\/span><\/p>\t\t\t\t\t\t\t\t<\/div>\n\t\t\t\t<\/div>\n\t\t\t\t<\/div>\n\t\t\t\t<\/div>\n\t\t<div class=\"elementor-element elementor-element-d2e850c e-con-full e-flex e-con e-child\" data-id=\"d2e850c\" data-element_type=\"container\" data-e-type=\"container\" data-settings=\"{&quot;background_background&quot;:&quot;classic&quot;}\">\n\t\t\t\t<div class=\"elementor-element elementor-element-bc17bdb elementor-widget elementor-widget-heading\" data-id=\"bc17bdb\" data-element_type=\"widget\" data-e-type=\"widget\" data-widget_type=\"heading.default\">\n\t\t\t\t<div class=\"elementor-widget-container\">\n\t\t\t\t\t<h4 class=\"elementor-heading-title elementor-size-default\">Kontaktformular<\/h4>\t\t\t\t<\/div>\n\t\t\t\t<\/div>\n\t\t<div class=\"elementor-element elementor-element-0a3f2ac e-con-full e-flex e-con e-child\" data-id=\"0a3f2ac\" data-element_type=\"container\" data-e-type=\"container\">\n\t\t\t\t<div class=\"elementor-element elementor-element-85d97a9 elementor-button-align-stretch elementor-widget elementor-widget-form\" data-id=\"85d97a9\" data-element_type=\"widget\" data-e-type=\"widget\" data-settings=\"{&quot;step_next_label&quot;:&quot;Next&quot;,&quot;step_previous_label&quot;:&quot;Previous&quot;,&quot;step_icon_shape&quot;:&quot;none&quot;,&quot;button_width&quot;:&quot;100&quot;,&quot;step_type&quot;:&quot;number_text&quot;}\" data-widget_type=\"form.default\">\n\t\t\t\t<div class=\"elementor-widget-container\">\n\t\t\t\t\t\t\t<form class=\"elementor-form\" method=\"post\" name=\"BFSG\" aria-label=\"BFSG\">\n\t\t\t<input type=\"hidden\" name=\"post_id\" value=\"44049\"\/>\n\t\t\t<input type=\"hidden\" name=\"form_id\" value=\"85d97a9\"\/>\n\t\t\t<input type=\"hidden\" name=\"referer_title\" value=\"Barrierefreiheit - POLARIS\" \/>\n\n\t\t\t\t\t\t\t<input type=\"hidden\" name=\"queried_id\" value=\"44049\"\/>\n\t\t\t\n\t\t\t<div class=\"elementor-form-fields-wrapper elementor-labels-above\">\n\t\t\t\t\t\t\t\t<div class=\"elementor-field-type-text elementor-field-group elementor-column elementor-field-group-name elementor-col-50 elementor-field-required\">\n\t\t\t\t\t\t\t\t\t\t\t\t<label for=\"form-field-name\" class=\"elementor-field-label\">\n\t\t\t\t\t\t\t\tName\t\t\t\t\t\t\t<\/label>\n\t\t\t\t\t\t\t\t\t\t\t\t\t\t<input size=\"1\" type=\"text\" name=\"form_fields[name]\" id=\"form-field-name\" class=\"elementor-field elementor-size-sm  elementor-field-textual\" placeholder=\"Dein Name\" required=\"required\">\n\t\t\t\t\t\t\t\t\t\t\t<\/div>\n\t\t\t\t\t\t\t\t<div class=\"elementor-field-type-email elementor-field-group elementor-column elementor-field-group-email elementor-col-50 elementor-field-required\">\n\t\t\t\t\t\t\t\t\t\t\t\t<label for=\"form-field-email\" class=\"elementor-field-label\">\n\t\t\t\t\t\t\t\tEmail\t\t\t\t\t\t\t<\/label>\n\t\t\t\t\t\t\t\t\t\t\t\t\t\t<input size=\"1\" type=\"email\" name=\"form_fields[email]\" id=\"form-field-email\" class=\"elementor-field elementor-size-sm  elementor-field-textual\" placeholder=\"An welche E-Mail soll unsere Antwort gehen?\" required=\"required\">\n\t\t\t\t\t\t\t\t\t\t\t<\/div>\n\t\t\t\t\t\t\t\t<div class=\"elementor-field-type-text elementor-field-group elementor-column elementor-field-group-message elementor-col-100\">\n\t\t\t\t\t\t\t\t\t\t\t\t<label for=\"form-field-message\" class=\"elementor-field-label\">\n\t\t\t\t\t\t\t\tBetreff\t\t\t\t\t\t\t<\/label>\n\t\t\t\t\t\t\t\t\t\t\t\t\t\t<input size=\"1\" type=\"text\" name=\"form_fields[message]\" id=\"form-field-message\" class=\"elementor-field elementor-size-sm  elementor-field-textual\" placeholder=\"Um was geht es bei deiner Nachricht?\">\n\t\t\t\t\t\t\t\t\t\t\t<\/div>\n\t\t\t\t\t\t\t\t<div class=\"elementor-field-type-textarea elementor-field-group elementor-column elementor-field-group-field_0c07508 elementor-col-100 elementor-field-required\">\n\t\t\t\t\t\t\t\t\t\t\t\t<label for=\"form-field-field_0c07508\" class=\"elementor-field-label\">\n\t\t\t\t\t\t\t\tNachricht\t\t\t\t\t\t\t<\/label>\n\t\t\t\t\t\t<textarea class=\"elementor-field-textual elementor-field  elementor-size-sm\" name=\"form_fields[field_0c07508]\" id=\"form-field-field_0c07508\" rows=\"14\" placeholder=\"Bitte beschreibe was wir f\u00fcr dich tun k\u00f6nnen.\" required=\"required\"><\/textarea>\t\t\t\t<\/div>\n\t\t\t\t\t\t\t\t<div class=\"elementor-field-type-recaptcha elementor-field-group elementor-column elementor-field-group-field_7f35ccf elementor-col-100\">\n\t\t\t\t\t<div class=\"elementor-field\" id=\"form-field-field_7f35ccf\"><div class=\"elementor-g-recaptcha\" data-sitekey=\"6LeJAUEsAAAAAO3s8r24r5IocAgk-yzrOWSBewbk\" data-type=\"v2_checkbox\" data-theme=\"light\" data-size=\"normal\"><\/div><\/div>\t\t\t\t<\/div>\n\t\t\t\t\t\t\t\t<div class=\"elementor-field-group elementor-column elementor-field-type-submit elementor-col-100 e-form__buttons\">\n\t\t\t\t\t<button class=\"elementor-button elementor-size-sm\" type=\"submit\">\n\t\t\t\t\t\t<span class=\"elementor-button-content-wrapper\">\n\t\t\t\t\t\t\t\t\t\t\t\t\t\t\t\t\t\t\t\t\t\t<span class=\"elementor-button-text\">Abschicken<\/span>\n\t\t\t\t\t\t\t\t\t\t\t\t\t<\/span>\n\t\t\t\t\t<\/button>\n\t\t\t\t<\/div>\n\t\t\t<\/div>\n\t\t<\/form>\n\t\t\t\t\t\t<\/div>\n\t\t\t\t<\/div>\n\t\t\t\t<\/div>\n\t\t\t\t<\/div>\n\t\t<div class=\"elementor-element elementor-element-58f042f e-con-full e-flex e-con e-child\" data-id=\"58f042f\" data-element_type=\"container\" data-e-type=\"container\">\n\t\t\t\t<div class=\"elementor-element elementor-element-b3b9385 elementor-widget elementor-widget-spacer\" data-id=\"b3b9385\" data-element_type=\"widget\" data-e-type=\"widget\" data-widget_type=\"spacer.default\">\n\t\t\t\t<div class=\"elementor-widget-container\">\n\t\t\t\t\t\t\t<div class=\"elementor-spacer\">\n\t\t\t<div class=\"elementor-spacer-inner\"><\/div>\n\t\t<\/div>\n\t\t\t\t\t\t<\/div>\n\t\t\t\t<\/div>\n\t\t\t\t<\/div>\n\t\t\t\t\t<\/div>\n\t\t\t\t<\/div>\n\t\t\t\t<\/div>\n\t\t","protected":false},"excerpt":{"rendered":"<p>Barrierefreiheit Erkl\u00e4rung zur Barrierefreiheit Rechtsgrundlage Diese Erkl\u00e4rung wurde gem\u00e4\u00df dem Barrierefreiheitsst\u00e4rkungsgesetz (BFSG) erstellt. Grundsatz Wir m\u00f6chten allen Menschen den Zugang zu unseren digitalen Inhalten erm\u00f6glichen \u2013 unabh\u00e4ngig von individuellen Einschr\u00e4nkungen. Deshalb arbeiten wir kontinuierlich daran, die Barrierefreiheit unserer Websites zu&#8230;<\/p>","protected":false},"author":11,"featured_media":0,"parent":0,"menu_order":0,"comment_status":"closed","ping_status":"closed","template":"","meta":{"footnotes":""},"class_list":["post-44049","page","type-page","status-publish","hentry"],"yoast_head":"<!-- This site is optimized with the Yoast SEO plugin v27.3 - https:\/\/yoast.com\/product\/yoast-seo-wordpress\/ -->\n<title>Barrierefreiheit - POLARIS<\/title>\n<meta name=\"robots\" content=\"index, follow, max-snippet:-1, max-image-preview:large, max-video-preview:-1\" \/>\n<link rel=\"canonical\" href=\"https:\/\/polaris.wp.super-crowd.com\/de_de_de\/barrierefreiheit\/\" \/>\n<meta property=\"og:locale\" content=\"de_DE\" \/>\n<meta property=\"og:type\" content=\"article\" \/>\n<meta property=\"og:title\" content=\"Barrierefreiheit - POLARIS\" \/>\n<meta property=\"og:description\" content=\"Barrierefreiheit Erkl\u00e4rung zur Barrierefreiheit Rechtsgrundlage Diese Erkl\u00e4rung wurde gem\u00e4\u00df dem Barrierefreiheitsst\u00e4rkungsgesetz (BFSG) erstellt. Grundsatz Wir m\u00f6chten allen Menschen den Zugang zu unseren digitalen Inhalten erm\u00f6glichen \u2013 unabh\u00e4ngig von individuellen Einschr\u00e4nkungen. Deshalb arbeiten wir kontinuierlich daran, die Barrierefreiheit unserer Websites zu...\" \/>\n<meta property=\"og:url\" content=\"https:\/\/polaris.wp.super-crowd.com\/de_de_de\/barrierefreiheit\/\" \/>\n<meta property=\"og:site_name\" content=\"POLARIS\" \/>\n<meta property=\"article:modified_time\" content=\"2026-01-05T15:43:00+00:00\" \/>\n<meta name=\"twitter:card\" content=\"summary_large_image\" \/>\n<meta name=\"twitter:label1\" content=\"Est. reading time\" \/>\n\t<meta name=\"twitter:data1\" content=\"1 minute\" \/>\n<script type=\"application\/ld+json\" class=\"yoast-schema-graph\">{\"@context\":\"https:\\\/\\\/schema.org\",\"@graph\":[{\"@type\":\"WebPage\",\"@id\":\"https:\\\/\\\/polaris.wp.super-crowd.com\\\/en\\\/barrierefreiheit\\\/\",\"url\":\"https:\\\/\\\/polaris.wp.super-crowd.com\\\/en\\\/barrierefreiheit\\\/\",\"name\":\"Barrierefreiheit - POLARIS\",\"isPartOf\":{\"@id\":\"https:\\\/\\\/polaris.wp.super-crowd.com\\\/de_de\\\/#website\"},\"datePublished\":\"2025-07-01T00:00:22+00:00\",\"dateModified\":\"2026-01-05T15:43:00+00:00\",\"inLanguage\":\"de-de-de\",\"potentialAction\":[{\"@type\":\"ReadAction\",\"target\":[\"https:\\\/\\\/polaris.wp.super-crowd.com\\\/en\\\/barrierefreiheit\\\/\"]}]},{\"@type\":\"WebSite\",\"@id\":\"https:\\\/\\\/polaris.wp.super-crowd.com\\\/de_de\\\/#website\",\"url\":\"https:\\\/\\\/polaris.wp.super-crowd.com\\\/de_de\\\/\",\"name\":\"POLARIS\",\"description\":\"Dein Community-Universum\",\"potentialAction\":[{\"@type\":\"SearchAction\",\"target\":{\"@type\":\"EntryPoint\",\"urlTemplate\":\"https:\\\/\\\/polaris.wp.super-crowd.com\\\/de_de\\\/?s={search_term_string}\"},\"query-input\":{\"@type\":\"PropertyValueSpecification\",\"valueRequired\":true,\"valueName\":\"search_term_string\"}}],\"inLanguage\":\"de-de-de\"}]}<\/script>\n<!-- \/ Yoast SEO plugin. -->","yoast_head_json":{"title":"Barrierefreiheit - POLARIS","robots":{"index":"index","follow":"follow","max-snippet":"max-snippet:-1","max-image-preview":"max-image-preview:large","max-video-preview":"max-video-preview:-1"},"canonical":"https:\/\/polaris.wp.super-crowd.com\/de_de_de\/barrierefreiheit\/","og_locale":"de_DE","og_type":"article","og_title":"Barrierefreiheit - POLARIS","og_description":"Barrierefreiheit Erkl\u00e4rung zur Barrierefreiheit Rechtsgrundlage Diese Erkl\u00e4rung wurde gem\u00e4\u00df dem Barrierefreiheitsst\u00e4rkungsgesetz (BFSG) erstellt. Grundsatz Wir m\u00f6chten allen Menschen den Zugang zu unseren digitalen Inhalten erm\u00f6glichen \u2013 unabh\u00e4ngig von individuellen Einschr\u00e4nkungen. Deshalb arbeiten wir kontinuierlich daran, die Barrierefreiheit unserer Websites zu...","og_url":"https:\/\/polaris.wp.super-crowd.com\/de_de_de\/barrierefreiheit\/","og_site_name":"POLARIS","article_modified_time":"2026-01-05T15:43:00+00:00","twitter_card":"summary_large_image","twitter_misc":{"Est. reading time":"1 minute"},"schema":{"@context":"https:\/\/schema.org","@graph":[{"@type":"WebPage","@id":"https:\/\/polaris.wp.super-crowd.com\/en\/barrierefreiheit\/","url":"https:\/\/polaris.wp.super-crowd.com\/en\/barrierefreiheit\/","name":"Barrierefreiheit - POLARIS","isPartOf":{"@id":"https:\/\/polaris.wp.super-crowd.com\/de_de\/#website"},"datePublished":"2025-07-01T00:00:22+00:00","dateModified":"2026-01-05T15:43:00+00:00","inLanguage":"de-de-de","potentialAction":[{"@type":"ReadAction","target":["https:\/\/polaris.wp.super-crowd.com\/en\/barrierefreiheit\/"]}]},{"@type":"WebSite","@id":"https:\/\/polaris.wp.super-crowd.com\/de_de\/#website","url":"https:\/\/polaris.wp.super-crowd.com\/de_de\/","name":"POLARIS","description":"Dein Community-Universum","potentialAction":[{"@type":"SearchAction","target":{"@type":"EntryPoint","urlTemplate":"https:\/\/polaris.wp.super-crowd.com\/de_de\/?s={search_term_string}"},"query-input":{"@type":"PropertyValueSpecification","valueRequired":true,"valueName":"search_term_string"}}],"inLanguage":"de-de-de"}]}},"_links":{"self":[{"href":"https:\/\/polaris.wp.super-crowd.com\/de_de_de\/wp-json\/wp\/v2\/pages\/44049","targetHints":{"allow":["GET"]}}],"collection":[{"href":"https:\/\/polaris.wp.super-crowd.com\/de_de_de\/wp-json\/wp\/v2\/pages"}],"about":[{"href":"https:\/\/polaris.wp.super-crowd.com\/de_de_de\/wp-json\/wp\/v2\/types\/page"}],"author":[{"embeddable":true,"href":"https:\/\/polaris.wp.super-crowd.com\/de_de_de\/wp-json\/wp\/v2\/users\/11"}],"replies":[{"embeddable":true,"href":"https:\/\/polaris.wp.super-crowd.com\/de_de_de\/wp-json\/wp\/v2\/comments?post=44049"}],"version-history":[{"count":74,"href":"https:\/\/polaris.wp.super-crowd.com\/de_de_de\/wp-json\/wp\/v2\/pages\/44049\/revisions"}],"predecessor-version":[{"id":62255,"href":"https:\/\/polaris.wp.super-crowd.com\/de_de_de\/wp-json\/wp\/v2\/pages\/44049\/revisions\/62255"}],"wp:attachment":[{"href":"https:\/\/polaris.wp.super-crowd.com\/de_de_de\/wp-json\/wp\/v2\/media?parent=44049"}],"curies":[{"name":"wp","href":"https:\/\/api.w.org\/{rel}","templated":true}]}}