{"id":31294,"date":"2025-03-14T09:34:08","date_gmt":"2025-03-14T07:34:08","guid":{"rendered":"https:\/\/polaris-wp-staging.super-crowd.com\/?page_id=31294"},"modified":"2026-03-06T09:19:02","modified_gmt":"2026-03-06T07:19:02","slug":"retro-area","status":"publish","type":"page","link":"https:\/\/polaris.wp.super-crowd.com\/de_de_de\/fuer-besuchende\/unsere-areas\/retro-area\/","title":{"rendered":"Retro Area"},"content":{"rendered":"<div data-elementor-type=\"wp-page\" data-elementor-id=\"31294\" class=\"elementor elementor-31294\" data-elementor-post-type=\"page\">\n\t\t\t\t<div class=\"elementor-element elementor-element-a845dd1 e-con-full e-flex e-con e-parent\" data-id=\"a845dd1\" data-element_type=\"container\" data-e-type=\"container\" data-settings=\"{&quot;background_background&quot;:&quot;classic&quot;}\">\n\t\t<div class=\"elementor-element elementor-element-eff8927 e-con-full e-flex e-con e-child\" data-id=\"eff8927\" data-element_type=\"container\" data-e-type=\"container\">\n\t\t\t\t<div class=\"elementor-element elementor-element-b619ade elementor-widget elementor-widget-pix-text\" data-id=\"b619ade\" data-element_type=\"widget\" data-e-type=\"widget\" data-widget_type=\"pix-text.default\">\n\t\t\t\t<div class=\"elementor-widget-container\">\n\t\t\t\t\t<div class=\"pix-el-text w-100 text-center\" ><p class=\"resp-option text-center\"><p>Retro Area<\/p><\/p><\/div>\t\t\t\t<\/div>\n\t\t\t\t<\/div>\n\t\t\t\t<\/div>\n\t\t\t\t<\/div>\n\t\t<div class=\"elementor-element elementor-element-24ccb01 e-flex e-con-boxed e-con e-parent\" data-id=\"24ccb01\" data-element_type=\"container\" data-e-type=\"container\">\n\t\t\t\t\t<div class=\"e-con-inner\">\n\t\t<div class=\"elementor-element elementor-element-646dada e-con-full e-flex e-con e-child\" data-id=\"646dada\" data-element_type=\"container\" data-e-type=\"container\">\n\t\t<div class=\"elementor-element elementor-element-b77cb8b e-con-full e-flex e-con e-child\" data-id=\"b77cb8b\" data-element_type=\"container\" data-e-type=\"container\">\n\t\t\t\t<div class=\"elementor-element elementor-element-7edde66 elementor-hidden-desktop elementor-hidden-tablet elementor-widget elementor-widget-image\" data-id=\"7edde66\" data-element_type=\"widget\" data-e-type=\"widget\" data-widget_type=\"image.default\">\n\t\t\t\t<div class=\"elementor-widget-container\">\n\t\t\t\t\t\t\t\t\t\t\t\t\t\t\t<img fetchpriority=\"high\" decoding=\"async\" width=\"640\" height=\"427\" src=\"https:\/\/polaris.wp.super-crowd.com\/wp-content\/uploads\/2025\/03\/PO24_RO_121024_03560-1-1024x683.jpg\" class=\"attachment-large size-large wp-image-38346\" alt=\"Foto vom Retro-Flohmarkt der POLARIS Convention 2024.\" srcset=\"https:\/\/polaris.wp.super-crowd.com\/wp-content\/uploads\/2025\/03\/PO24_RO_121024_03560-1-1024x683.jpg 1024w, https:\/\/polaris.wp.super-crowd.com\/wp-content\/uploads\/2025\/03\/PO24_RO_121024_03560-1-300x200.jpg 300w, https:\/\/polaris.wp.super-crowd.com\/wp-content\/uploads\/2025\/03\/PO24_RO_121024_03560-1-768x512.jpg 768w, https:\/\/polaris.wp.super-crowd.com\/wp-content\/uploads\/2025\/03\/PO24_RO_121024_03560-1-1536x1024.jpg 1536w, https:\/\/polaris.wp.super-crowd.com\/wp-content\/uploads\/2025\/03\/PO24_RO_121024_03560-1-2048x1365.jpg 2048w, https:\/\/polaris.wp.super-crowd.com\/wp-content\/uploads\/2025\/03\/PO24_RO_121024_03560-1-18x12.jpg 18w\" sizes=\"(max-width: 640px) 100vw, 640px\" \/>\t\t\t\t\t\t\t\t\t\t\t\t\t\t\t<\/div>\n\t\t\t\t<\/div>\n\t\t\t\t<\/div>\n\t\t<div class=\"elementor-element elementor-element-443c970 e-con-full e-flex e-con e-child\" data-id=\"443c970\" data-element_type=\"container\" data-e-type=\"container\" data-settings=\"{&quot;background_background&quot;:&quot;classic&quot;}\">\n\t\t\t\t<div class=\"elementor-element elementor-element-d89d162 elementor-widget elementor-widget-heading\" data-id=\"d89d162\" data-element_type=\"widget\" data-e-type=\"widget\" data-widget_type=\"heading.default\">\n\t\t\t\t<div class=\"elementor-widget-container\">\n\t\t\t\t\t<h4 class=\"elementor-heading-title elementor-size-default\">Retro Flohmarkt<\/h4>\t\t\t\t<\/div>\n\t\t\t\t<\/div>\n\t\t\t\t<div class=\"elementor-element elementor-element-d108a08 elementor-widget elementor-widget-text-editor\" data-id=\"d108a08\" data-element_type=\"widget\" data-e-type=\"widget\" data-widget_type=\"text-editor.default\">\n\t\t\t\t<div class=\"elementor-widget-container\">\n\t\t\t\t\t\t\t\t\t<p style=\"text-align: left;\" data-start=\"51\" data-end=\"212\">Unser beliebter Retroflohmarkt findet wieder statt.<br data-start=\"102\" data-end=\"105\" \/>Viele H\u00e4ndlerinnen und H\u00e4ndler haben Verkaufstische und bieten dort alte Spiele, Ger\u00e4te und Zubeh\u00f6r an.<\/p><p style=\"text-align: left;\" data-start=\"219\" data-end=\"374\">Ihr findet dort zum Beispiel Vintage-Fanartikel und Klassiker wie Zubeh\u00f6r f\u00fcr <strong data-start=\"297\" data-end=\"309\">Game Boy<\/strong>, <strong data-start=\"311\" data-end=\"323\">GameCube<\/strong>, <strong data-start=\"325\" data-end=\"338\">Atari VCS<\/strong> oder auch Dinge f\u00fcr die <strong data-start=\"363\" data-end=\"371\">Xbox<\/strong>.<\/p><p style=\"text-align: left;\" data-start=\"381\" data-end=\"530\">Damit alle Besucherinnen und Besucher den Flohmarkt erleben k\u00f6nnen, ist er dieses Mal nicht nur am Wochenende, sondern an <strong data-start=\"503\" data-end=\"518\">allen Tagen<\/strong> ge\u00f6ffnet.<\/p><p style=\"text-align: left;\" data-start=\"537\" data-end=\"743\">Im Moment wissen wir noch nicht, ob sich H\u00e4ndlerinnen und H\u00e4ndler \u00f6ffentlich anmelden k\u00f6nnen. Vielleicht laden wir auch nur eine Auswahl besonders gut ausgestatteter H\u00e4ndler ein. Das entscheiden wir sp\u00e4ter.<\/p>\t\t\t\t\t\t\t\t<\/div>\n\t\t\t\t<\/div>\n\t\t\t\t<\/div>\n\t\t\t\t<\/div>\n\t\t<div class=\"elementor-element elementor-element-4af3ac1 e-con-full e-flex e-con e-child\" data-id=\"4af3ac1\" data-element_type=\"container\" data-e-type=\"container\">\n\t\t\t\t<div class=\"elementor-element elementor-element-3639896 elementor-widget elementor-widget-spacer\" data-id=\"3639896\" data-element_type=\"widget\" data-e-type=\"widget\" data-widget_type=\"spacer.default\">\n\t\t\t\t<div class=\"elementor-widget-container\">\n\t\t\t\t\t\t\t<div class=\"elementor-spacer\">\n\t\t\t<div class=\"elementor-spacer-inner\"><\/div>\n\t\t<\/div>\n\t\t\t\t\t\t<\/div>\n\t\t\t\t<\/div>\n\t\t\t\t<\/div>\n\t\t\t\t\t<\/div>\n\t\t\t\t<\/div>\n\t\t<div class=\"elementor-element elementor-element-68cbec9 e-flex e-con-boxed e-con e-parent\" data-id=\"68cbec9\" data-element_type=\"container\" data-e-type=\"container\">\n\t\t\t\t\t<div class=\"e-con-inner\">\n\t\t<div class=\"elementor-element elementor-element-327c281 e-con-full e-flex e-con e-child\" data-id=\"327c281\" data-element_type=\"container\" data-e-type=\"container\">\n\t\t<div class=\"elementor-element elementor-element-873ab18 e-con-full e-flex e-con e-child\" data-id=\"873ab18\" data-element_type=\"container\" data-e-type=\"container\" data-settings=\"{&quot;background_background&quot;:&quot;classic&quot;}\">\n\t\t\t\t<div class=\"elementor-element elementor-element-b992b0d elementor-widget elementor-widget-heading\" data-id=\"b992b0d\" data-element_type=\"widget\" data-e-type=\"widget\" data-widget_type=\"heading.default\">\n\t\t\t\t<div class=\"elementor-widget-container\">\n\t\t\t\t\t<h4 class=\"elementor-heading-title elementor-size-default\">Retro Ausstellung<\/h4>\t\t\t\t<\/div>\n\t\t\t\t<\/div>\n\t\t\t\t<div class=\"elementor-element elementor-element-32e1700 elementor-widget elementor-widget-text-editor\" data-id=\"32e1700\" data-element_type=\"widget\" data-e-type=\"widget\" data-widget_type=\"text-editor.default\">\n\t\t\t\t<div class=\"elementor-widget-container\">\n\t\t\t\t\t\t\t\t\t<p style=\"text-align: left;\" data-start=\"51\" data-end=\"221\">Auch dieses Jahr zeigen wir wieder eine besondere Ausstellung in der Sandbox.<br data-start=\"128\" data-end=\"131\" \/>Dort findet ihr viele Dinge aus der Vergangenheit und interessante Informationen dazu.<\/p><p style=\"text-align: left;\" data-start=\"228\" data-end=\"342\" data-is-last-node=\"\">Welches Thema die Ausstellung dieses Jahr hat und welche besonderen Highlights wir zeigen, verraten wir euch bald.<\/p>\t\t\t\t\t\t\t\t<\/div>\n\t\t\t\t<\/div>\n\t\t\t\t<\/div>\n\t\t<div class=\"elementor-element elementor-element-133f70d e-con-full e-flex e-con e-child\" data-id=\"133f70d\" data-element_type=\"container\" data-e-type=\"container\">\n\t\t\t\t<div class=\"elementor-element elementor-element-dfaac00 elementor-hidden-desktop elementor-hidden-tablet elementor-widget elementor-widget-image\" data-id=\"dfaac00\" data-element_type=\"widget\" data-e-type=\"widget\" data-widget_type=\"image.default\">\n\t\t\t\t<div class=\"elementor-widget-container\">\n\t\t\t\t\t\t\t\t\t\t\t\t\t\t\t<img decoding=\"async\" width=\"640\" height=\"427\" src=\"https:\/\/polaris.wp.super-crowd.com\/wp-content\/uploads\/2025\/03\/PO24_RO_121024_03566-1024x683.jpg\" class=\"attachment-large size-large wp-image-31312\" alt=\"Foto von einem Nintendo Gamecube-Spiel\" srcset=\"https:\/\/polaris.wp.super-crowd.com\/wp-content\/uploads\/2025\/03\/PO24_RO_121024_03566-1024x683.jpg 1024w, https:\/\/polaris.wp.super-crowd.com\/wp-content\/uploads\/2025\/03\/PO24_RO_121024_03566-300x200.jpg 300w, https:\/\/polaris.wp.super-crowd.com\/wp-content\/uploads\/2025\/03\/PO24_RO_121024_03566-768x512.jpg 768w, https:\/\/polaris.wp.super-crowd.com\/wp-content\/uploads\/2025\/03\/PO24_RO_121024_03566-1536x1024.jpg 1536w, https:\/\/polaris.wp.super-crowd.com\/wp-content\/uploads\/2025\/03\/PO24_RO_121024_03566-2048x1365.jpg 2048w, https:\/\/polaris.wp.super-crowd.com\/wp-content\/uploads\/2025\/03\/PO24_RO_121024_03566-18x12.jpg 18w\" sizes=\"(max-width: 640px) 100vw, 640px\" \/>\t\t\t\t\t\t\t\t\t\t\t\t\t\t\t<\/div>\n\t\t\t\t<\/div>\n\t\t\t\t<\/div>\n\t\t\t\t<\/div>\n\t\t<div class=\"elementor-element elementor-element-c4a6da0 e-con-full e-flex e-con e-child\" data-id=\"c4a6da0\" data-element_type=\"container\" data-e-type=\"container\">\n\t\t\t\t<div class=\"elementor-element elementor-element-9733cd5 elementor-widget elementor-widget-spacer\" data-id=\"9733cd5\" data-element_type=\"widget\" data-e-type=\"widget\" data-widget_type=\"spacer.default\">\n\t\t\t\t<div class=\"elementor-widget-container\">\n\t\t\t\t\t\t\t<div class=\"elementor-spacer\">\n\t\t\t<div class=\"elementor-spacer-inner\"><\/div>\n\t\t<\/div>\n\t\t\t\t\t\t<\/div>\n\t\t\t\t<\/div>\n\t\t\t\t<\/div>\n\t\t\t\t\t<\/div>\n\t\t\t\t<\/div>\n\t\t<div class=\"elementor-element elementor-element-8c72a8e e-flex e-con-boxed e-con e-parent\" data-id=\"8c72a8e\" data-element_type=\"container\" data-e-type=\"container\">\n\t\t\t\t\t<div class=\"e-con-inner\">\n\t\t\t\t<div class=\"elementor-element elementor-element-523c4ce elementor-widget elementor-widget-spacer\" data-id=\"523c4ce\" data-element_type=\"widget\" data-e-type=\"widget\" data-widget_type=\"spacer.default\">\n\t\t\t\t<div class=\"elementor-widget-container\">\n\t\t\t\t\t\t\t<div class=\"elementor-spacer\">\n\t\t\t<div class=\"elementor-spacer-inner\"><\/div>\n\t\t<\/div>\n\t\t\t\t\t\t<\/div>\n\t\t\t\t<\/div>\n\t\t<div class=\"elementor-element elementor-element-b724ddc e-con-full e-flex e-con e-child\" data-id=\"b724ddc\" data-element_type=\"container\" data-e-type=\"container\" data-settings=\"{&quot;background_background&quot;:&quot;classic&quot;}\">\n\t\t\t\t<\/div>\n\t\t\t\t<div class=\"elementor-element elementor-element-dfda925 elementor-widget elementor-widget-spacer\" data-id=\"dfda925\" data-element_type=\"widget\" data-e-type=\"widget\" data-widget_type=\"spacer.default\">\n\t\t\t\t<div class=\"elementor-widget-container\">\n\t\t\t\t\t\t\t<div class=\"elementor-spacer\">\n\t\t\t<div class=\"elementor-spacer-inner\"><\/div>\n\t\t<\/div>\n\t\t\t\t\t\t<\/div>\n\t\t\t\t<\/div>\n\t\t\t\t\t<\/div>\n\t\t\t\t<\/div>\n\t\t\t\t<\/div>","protected":false},"excerpt":{"rendered":"<p>Retro Area Retro Flohmarkt Auch unser beliebter Retroflohmarkt findet wieder statt, mit zahlreichen Verkaufstischen bieten H\u00e4ndler:innen wieder alles an, was das Retroherz an Hard- und Software begehrt.Dabei findet ihr alles von Vintage-Merchandise \u00fcber Klassiker wie Zubeh\u00f6r f\u00fcr Game Boy, Gamecube&#8230;<\/p>","protected":false},"author":12,"featured_media":0,"parent":30737,"menu_order":0,"comment_status":"closed","ping_status":"closed","template":"","meta":{"footnotes":""},"class_list":["post-31294","page","type-page","status-publish","hentry"],"yoast_head":"<!-- This site is optimized with the Yoast SEO plugin v27.3 - https:\/\/yoast.com\/product\/yoast-seo-wordpress\/ -->\n<title>Retro Area - POLARIS<\/title>\n<meta name=\"robots\" content=\"index, follow, max-snippet:-1, max-image-preview:large, max-video-preview:-1\" \/>\n<link rel=\"canonical\" href=\"https:\/\/polaris.wp.super-crowd.com\/de_de_de\/fuer-besuchende\/unsere-areas\/retro-area\/\" \/>\n<meta property=\"og:locale\" content=\"de_DE\" \/>\n<meta property=\"og:type\" content=\"article\" \/>\n<meta property=\"og:title\" content=\"Retro Area - POLARIS\" \/>\n<meta property=\"og:description\" content=\"Retro Area Retro Flohmarkt Auch unser beliebter Retroflohmarkt findet wieder statt, mit zahlreichen Verkaufstischen bieten H\u00e4ndler:innen wieder alles an, was das Retroherz an Hard- und Software begehrt.Dabei findet ihr alles von Vintage-Merchandise \u00fcber Klassiker wie Zubeh\u00f6r f\u00fcr Game Boy, Gamecube...\" \/>\n<meta property=\"og:url\" content=\"https:\/\/polaris.wp.super-crowd.com\/de_de_de\/fuer-besuchende\/unsere-areas\/retro-area\/\" \/>\n<meta property=\"og:site_name\" content=\"POLARIS\" \/>\n<meta property=\"article:modified_time\" content=\"2026-03-06T07:19:02+00:00\" \/>\n<meta property=\"og:image\" content=\"https:\/\/polaris-con.de\/wp-content\/uploads\/2025\/03\/PO24_RO_121024_03560-1-1024x683.jpg\" \/>\n<meta name=\"twitter:card\" content=\"summary_large_image\" \/>\n<meta name=\"twitter:label1\" content=\"Est. reading time\" \/>\n\t<meta name=\"twitter:data1\" content=\"4 minutes\" \/>\n<script type=\"application\/ld+json\" class=\"yoast-schema-graph\">{\"@context\":\"https:\\\/\\\/schema.org\",\"@graph\":[{\"@type\":\"WebPage\",\"@id\":\"https:\\\/\\\/polaris.wp.super-crowd.com\\\/de_de_de\\\/fuer-besuchende\\\/unsere-areas\\\/retro-area\\\/\",\"url\":\"https:\\\/\\\/polaris.wp.super-crowd.com\\\/de_de_de\\\/fuer-besuchende\\\/unsere-areas\\\/retro-area\\\/\",\"name\":\"Retro Area - POLARIS\",\"isPartOf\":{\"@id\":\"https:\\\/\\\/polaris.wp.super-crowd.com\\\/de_de\\\/#website\"},\"primaryImageOfPage\":{\"@id\":\"https:\\\/\\\/polaris.wp.super-crowd.com\\\/de_de_de\\\/fuer-besuchende\\\/unsere-areas\\\/retro-area\\\/#primaryimage\"},\"image\":{\"@id\":\"https:\\\/\\\/polaris.wp.super-crowd.com\\\/de_de_de\\\/fuer-besuchende\\\/unsere-areas\\\/retro-area\\\/#primaryimage\"},\"thumbnailUrl\":\"https:\\\/\\\/polaris-con.de\\\/wp-content\\\/uploads\\\/2025\\\/03\\\/PO24_RO_121024_03560-1-1024x683.jpg\",\"datePublished\":\"2025-03-14T07:34:08+00:00\",\"dateModified\":\"2026-03-06T07:19:02+00:00\",\"breadcrumb\":{\"@id\":\"https:\\\/\\\/polaris.wp.super-crowd.com\\\/de_de_de\\\/fuer-besuchende\\\/unsere-areas\\\/retro-area\\\/#breadcrumb\"},\"inLanguage\":\"de-de-de\",\"potentialAction\":[{\"@type\":\"ReadAction\",\"target\":[\"https:\\\/\\\/polaris.wp.super-crowd.com\\\/de_de_de\\\/fuer-besuchende\\\/unsere-areas\\\/retro-area\\\/\"]}]},{\"@type\":\"ImageObject\",\"inLanguage\":\"de-de-de\",\"@id\":\"https:\\\/\\\/polaris.wp.super-crowd.com\\\/de_de_de\\\/fuer-besuchende\\\/unsere-areas\\\/retro-area\\\/#primaryimage\",\"url\":\"https:\\\/\\\/polaris-con.de\\\/wp-content\\\/uploads\\\/2025\\\/03\\\/PO24_RO_121024_03560-1-1024x683.jpg\",\"contentUrl\":\"https:\\\/\\\/polaris-con.de\\\/wp-content\\\/uploads\\\/2025\\\/03\\\/PO24_RO_121024_03560-1-1024x683.jpg\"},{\"@type\":\"BreadcrumbList\",\"@id\":\"https:\\\/\\\/polaris.wp.super-crowd.com\\\/de_de_de\\\/fuer-besuchende\\\/unsere-areas\\\/retro-area\\\/#breadcrumb\",\"itemListElement\":[{\"@type\":\"ListItem\",\"position\":1,\"name\":\"F\u00fcr Besuchende\",\"item\":\"https:\\\/\\\/polaris.wp.super-crowd.com\\\/de_de_de\\\/fuer-besuchende\\\/\"},{\"@type\":\"ListItem\",\"position\":2,\"name\":\"Unsere Areas\",\"item\":\"https:\\\/\\\/polaris.wp.super-crowd.com\\\/de_de_de\\\/fuer-besuchende\\\/unsere-areas\\\/\"},{\"@type\":\"ListItem\",\"position\":3,\"name\":\"Retro Area\"}]},{\"@type\":\"WebSite\",\"@id\":\"https:\\\/\\\/polaris.wp.super-crowd.com\\\/de_de\\\/#website\",\"url\":\"https:\\\/\\\/polaris.wp.super-crowd.com\\\/de_de\\\/\",\"name\":\"POLARIS\",\"description\":\"Dein Community-Universum\",\"potentialAction\":[{\"@type\":\"SearchAction\",\"target\":{\"@type\":\"EntryPoint\",\"urlTemplate\":\"https:\\\/\\\/polaris.wp.super-crowd.com\\\/de_de\\\/?s={search_term_string}\"},\"query-input\":{\"@type\":\"PropertyValueSpecification\",\"valueRequired\":true,\"valueName\":\"search_term_string\"}}],\"inLanguage\":\"de-de-de\"}]}<\/script>\n<!-- \/ Yoast SEO plugin. -->","yoast_head_json":{"title":"Retro Area - POLARIS","robots":{"index":"index","follow":"follow","max-snippet":"max-snippet:-1","max-image-preview":"max-image-preview:large","max-video-preview":"max-video-preview:-1"},"canonical":"https:\/\/polaris.wp.super-crowd.com\/de_de_de\/fuer-besuchende\/unsere-areas\/retro-area\/","og_locale":"de_DE","og_type":"article","og_title":"Retro Area - POLARIS","og_description":"Retro Area Retro Flohmarkt Auch unser beliebter Retroflohmarkt findet wieder statt, mit zahlreichen Verkaufstischen bieten H\u00e4ndler:innen wieder alles an, was das Retroherz an Hard- und Software begehrt.Dabei findet ihr alles von Vintage-Merchandise \u00fcber Klassiker wie Zubeh\u00f6r f\u00fcr Game Boy, Gamecube...","og_url":"https:\/\/polaris.wp.super-crowd.com\/de_de_de\/fuer-besuchende\/unsere-areas\/retro-area\/","og_site_name":"POLARIS","article_modified_time":"2026-03-06T07:19:02+00:00","og_image":[{"url":"https:\/\/polaris-con.de\/wp-content\/uploads\/2025\/03\/PO24_RO_121024_03560-1-1024x683.jpg","type":"","width":"","height":""}],"twitter_card":"summary_large_image","twitter_misc":{"Est. reading time":"4 minutes"},"schema":{"@context":"https:\/\/schema.org","@graph":[{"@type":"WebPage","@id":"https:\/\/polaris.wp.super-crowd.com\/de_de_de\/fuer-besuchende\/unsere-areas\/retro-area\/","url":"https:\/\/polaris.wp.super-crowd.com\/de_de_de\/fuer-besuchende\/unsere-areas\/retro-area\/","name":"Retro Area - POLARIS","isPartOf":{"@id":"https:\/\/polaris.wp.super-crowd.com\/de_de\/#website"},"primaryImageOfPage":{"@id":"https:\/\/polaris.wp.super-crowd.com\/de_de_de\/fuer-besuchende\/unsere-areas\/retro-area\/#primaryimage"},"image":{"@id":"https:\/\/polaris.wp.super-crowd.com\/de_de_de\/fuer-besuchende\/unsere-areas\/retro-area\/#primaryimage"},"thumbnailUrl":"https:\/\/polaris-con.de\/wp-content\/uploads\/2025\/03\/PO24_RO_121024_03560-1-1024x683.jpg","datePublished":"2025-03-14T07:34:08+00:00","dateModified":"2026-03-06T07:19:02+00:00","breadcrumb":{"@id":"https:\/\/polaris.wp.super-crowd.com\/de_de_de\/fuer-besuchende\/unsere-areas\/retro-area\/#breadcrumb"},"inLanguage":"de-de-de","potentialAction":[{"@type":"ReadAction","target":["https:\/\/polaris.wp.super-crowd.com\/de_de_de\/fuer-besuchende\/unsere-areas\/retro-area\/"]}]},{"@type":"ImageObject","inLanguage":"de-de-de","@id":"https:\/\/polaris.wp.super-crowd.com\/de_de_de\/fuer-besuchende\/unsere-areas\/retro-area\/#primaryimage","url":"https:\/\/polaris-con.de\/wp-content\/uploads\/2025\/03\/PO24_RO_121024_03560-1-1024x683.jpg","contentUrl":"https:\/\/polaris-con.de\/wp-content\/uploads\/2025\/03\/PO24_RO_121024_03560-1-1024x683.jpg"},{"@type":"BreadcrumbList","@id":"https:\/\/polaris.wp.super-crowd.com\/de_de_de\/fuer-besuchende\/unsere-areas\/retro-area\/#breadcrumb","itemListElement":[{"@type":"ListItem","position":1,"name":"F\u00fcr Besuchende","item":"https:\/\/polaris.wp.super-crowd.com\/de_de_de\/fuer-besuchende\/"},{"@type":"ListItem","position":2,"name":"Unsere Areas","item":"https:\/\/polaris.wp.super-crowd.com\/de_de_de\/fuer-besuchende\/unsere-areas\/"},{"@type":"ListItem","position":3,"name":"Retro Area"}]},{"@type":"WebSite","@id":"https:\/\/polaris.wp.super-crowd.com\/de_de\/#website","url":"https:\/\/polaris.wp.super-crowd.com\/de_de\/","name":"POLARIS","description":"Dein Community-Universum","potentialAction":[{"@type":"SearchAction","target":{"@type":"EntryPoint","urlTemplate":"https:\/\/polaris.wp.super-crowd.com\/de_de\/?s={search_term_string}"},"query-input":{"@type":"PropertyValueSpecification","valueRequired":true,"valueName":"search_term_string"}}],"inLanguage":"de-de-de"}]}},"_links":{"self":[{"href":"https:\/\/polaris.wp.super-crowd.com\/de_de_de\/wp-json\/wp\/v2\/pages\/31294","targetHints":{"allow":["GET"]}}],"collection":[{"href":"https:\/\/polaris.wp.super-crowd.com\/de_de_de\/wp-json\/wp\/v2\/pages"}],"about":[{"href":"https:\/\/polaris.wp.super-crowd.com\/de_de_de\/wp-json\/wp\/v2\/types\/page"}],"author":[{"embeddable":true,"href":"https:\/\/polaris.wp.super-crowd.com\/de_de_de\/wp-json\/wp\/v2\/users\/12"}],"replies":[{"embeddable":true,"href":"https:\/\/polaris.wp.super-crowd.com\/de_de_de\/wp-json\/wp\/v2\/comments?post=31294"}],"version-history":[{"count":171,"href":"https:\/\/polaris.wp.super-crowd.com\/de_de_de\/wp-json\/wp\/v2\/pages\/31294\/revisions"}],"predecessor-version":[{"id":66974,"href":"https:\/\/polaris.wp.super-crowd.com\/de_de_de\/wp-json\/wp\/v2\/pages\/31294\/revisions\/66974"}],"up":[{"embeddable":true,"href":"https:\/\/polaris.wp.super-crowd.com\/de_de_de\/wp-json\/wp\/v2\/pages\/30737"}],"wp:attachment":[{"href":"https:\/\/polaris.wp.super-crowd.com\/de_de_de\/wp-json\/wp\/v2\/media?parent=31294"}],"curies":[{"name":"wp","href":"https:\/\/api.w.org\/{rel}","templated":true}]}}