{"id":30952,"date":"2025-03-13T12:14:52","date_gmt":"2025-03-13T10:14:52","guid":{"rendered":"https:\/\/polaris-wp-staging.super-crowd.com\/?page_id=30952"},"modified":"2025-10-03T23:45:46","modified_gmt":"2025-10-03T21:45:46","slug":"artist-alley","status":"publish","type":"page","link":"https:\/\/polaris.wp.super-crowd.com\/de_de_de\/fuer-besuchende\/unsere-areas\/artist-alley\/","title":{"rendered":"Artist Alley"},"content":{"rendered":"<div data-elementor-type=\"wp-page\" data-elementor-id=\"30952\" class=\"elementor elementor-30952\" data-elementor-post-type=\"page\">\n\t\t\t\t<div class=\"elementor-element elementor-element-d8916da e-con-full e-flex e-con e-parent\" data-id=\"d8916da\" data-element_type=\"container\" data-e-type=\"container\" data-settings=\"{&quot;background_background&quot;:&quot;classic&quot;}\">\n\t\t<div class=\"elementor-element elementor-element-d3dfa83 e-con-full e-flex e-con e-child\" data-id=\"d3dfa83\" data-element_type=\"container\" data-e-type=\"container\">\n\t\t\t\t<div class=\"elementor-element elementor-element-46f6409 elementor-widget elementor-widget-pix-text\" data-id=\"46f6409\" data-element_type=\"widget\" data-e-type=\"widget\" data-widget_type=\"pix-text.default\">\n\t\t\t\t<div class=\"elementor-widget-container\">\n\t\t\t\t\t<div class=\"pix-el-text w-100 text-center\" ><p class=\"resp-option text-center\"><p>Artist Alley<\/p><\/p><\/div>\t\t\t\t<\/div>\n\t\t\t\t<\/div>\n\t\t\t\t<\/div>\n\t\t\t\t<\/div>\n\t\t<div class=\"elementor-element elementor-element-32bbd52 e-flex e-con-boxed e-con e-parent\" data-id=\"32bbd52\" data-element_type=\"container\" data-e-type=\"container\">\n\t\t\t\t\t<div class=\"e-con-inner\">\n\t\t<div class=\"elementor-element elementor-element-3680861 e-con-full e-flex e-con e-child\" data-id=\"3680861\" data-element_type=\"container\" data-e-type=\"container\">\n\t\t<div class=\"elementor-element elementor-element-41cd1ad e-con-full e-flex e-con e-child\" data-id=\"41cd1ad\" data-element_type=\"container\" data-e-type=\"container\">\n\t\t<div class=\"elementor-element elementor-element-2910ec0 e-con-full e-flex e-con e-child\" data-id=\"2910ec0\" data-element_type=\"container\" data-e-type=\"container\" data-settings=\"{&quot;background_background&quot;:&quot;classic&quot;}\">\n\t\t\t\t<div class=\"elementor-element elementor-element-bbca3ba elementor-widget elementor-widget-heading\" data-id=\"bbca3ba\" data-element_type=\"widget\" data-e-type=\"widget\" data-widget_type=\"heading.default\">\n\t\t\t\t<div class=\"elementor-widget-container\">\n\t\t\t\t\t<h4 class=\"elementor-heading-title elementor-size-default\">Art Contest 2025<\/h4>\t\t\t\t<\/div>\n\t\t\t\t<\/div>\n\t\t\t\t<div class=\"elementor-element elementor-element-733001c elementor-widget elementor-widget-text-editor\" data-id=\"733001c\" data-element_type=\"widget\" data-e-type=\"widget\" data-widget_type=\"text-editor.default\">\n\t\t\t\t<div class=\"elementor-widget-container\">\n\t\t\t\t\t\t\t\t\t<p>Auch in diesem Jahr wollen wir die kreativsten und begabtesten K\u00f6pfe unserer Community durch einen Art Contest feiern!<br \/>Informationen zu unseren diesj\u00e4hrigen Sponsoren, den Anmeldefristen und Gewinnen findet ihr bald hier!<\/p>\t\t\t\t\t\t\t\t<\/div>\n\t\t\t\t<\/div>\n\t\t\t\t<div class=\"elementor-element elementor-element-49aa390 elementor-align-justify elementor-widget__width-inherit e-transform elementor-widget elementor-widget-button\" data-id=\"49aa390\" data-element_type=\"widget\" data-e-type=\"widget\" data-settings=\"{&quot;_transform_scale_effect_hover&quot;:{&quot;unit&quot;:&quot;px&quot;,&quot;size&quot;:1.01,&quot;sizes&quot;:[]},&quot;_transform_scale_effect_hover_tablet&quot;:{&quot;unit&quot;:&quot;px&quot;,&quot;size&quot;:&quot;&quot;,&quot;sizes&quot;:[]},&quot;_transform_scale_effect_hover_mobile&quot;:{&quot;unit&quot;:&quot;px&quot;,&quot;size&quot;:&quot;&quot;,&quot;sizes&quot;:[]}}\" data-widget_type=\"button.default\">\n\t\t\t\t<div class=\"elementor-widget-container\">\n\t\t\t\t\t\t\t\t\t<div class=\"elementor-button-wrapper\">\n\t\t\t\t\t<a class=\"elementor-button elementor-button-link elementor-size-sm\" href=\"https:\/\/polaris.wp.super-crowd.com\/de_de_de\/fuer-besuchende\/unsere-areas\/artist-alley\/art-contest\/\">\n\t\t\t\t\t\t<span class=\"elementor-button-content-wrapper\">\n\t\t\t\t\t\t<span class=\"elementor-button-icon\">\n\t\t\t\t<i aria-hidden=\"true\" class=\"icon icon-angle-right\"><\/i>\t\t\t<\/span>\n\t\t\t\t\t\t\t\t\t<span class=\"elementor-button-text\">Zum Art Contest<\/span>\n\t\t\t\t\t<\/span>\n\t\t\t\t\t<\/a>\n\t\t\t\t<\/div>\n\t\t\t\t\t\t\t\t<\/div>\n\t\t\t\t<\/div>\n\t\t\t\t<\/div>\n\t\t<div class=\"elementor-element elementor-element-b56dbd1 e-con-full e-flex e-con e-child\" data-id=\"b56dbd1\" data-element_type=\"container\" data-e-type=\"container\">\n\t\t\t\t<div class=\"elementor-element elementor-element-ba57268 elementor-hidden-desktop elementor-hidden-tablet elementor-widget elementor-widget-image\" data-id=\"ba57268\" data-element_type=\"widget\" data-e-type=\"widget\" data-widget_type=\"image.default\">\n\t\t\t\t<div class=\"elementor-widget-container\">\n\t\t\t\t\t\t\t\t\t\t\t\t\t\t\t<img fetchpriority=\"high\" decoding=\"async\" width=\"640\" height=\"456\" src=\"https:\/\/polaris.wp.super-crowd.com\/wp-content\/uploads\/2025\/03\/PO24_RO_111024_00763-scaled-e1752230515823-1024x729.jpg\" class=\"attachment-large size-large wp-image-35376\" alt=\"Foto aus der Artist Alley auf der POLARIS Convention 2024. Eine K\u00fcnstlerin gibt einer Kundin ein Kunstwerk\" srcset=\"https:\/\/polaris.wp.super-crowd.com\/wp-content\/uploads\/2025\/03\/PO24_RO_111024_00763-scaled-e1752230515823-1024x729.jpg 1024w, https:\/\/polaris.wp.super-crowd.com\/wp-content\/uploads\/2025\/03\/PO24_RO_111024_00763-scaled-e1752230515823-300x214.jpg 300w, https:\/\/polaris.wp.super-crowd.com\/wp-content\/uploads\/2025\/03\/PO24_RO_111024_00763-scaled-e1752230515823-768x547.jpg 768w, https:\/\/polaris.wp.super-crowd.com\/wp-content\/uploads\/2025\/03\/PO24_RO_111024_00763-scaled-e1752230515823-1536x1093.jpg 1536w, https:\/\/polaris.wp.super-crowd.com\/wp-content\/uploads\/2025\/03\/PO24_RO_111024_00763-scaled-e1752230515823-18x12.jpg 18w, https:\/\/polaris.wp.super-crowd.com\/wp-content\/uploads\/2025\/03\/PO24_RO_111024_00763-scaled-e1752230515823.jpg 1770w\" sizes=\"(max-width: 640px) 100vw, 640px\" \/>\t\t\t\t\t\t\t\t\t\t\t\t\t\t\t<\/div>\n\t\t\t\t<\/div>\n\t\t\t\t<\/div>\n\t\t\t\t<\/div>\n\t\t<div class=\"elementor-element elementor-element-3092eb5 e-con-full e-flex e-con e-child\" data-id=\"3092eb5\" data-element_type=\"container\" data-e-type=\"container\">\n\t\t<div class=\"elementor-element elementor-element-00bd640 e-con-full e-flex e-con e-child\" data-id=\"00bd640\" data-element_type=\"container\" data-e-type=\"container\">\n\t\t\t\t<div class=\"elementor-element elementor-element-fcdcd2f elementor-hidden-desktop elementor-hidden-tablet elementor-widget elementor-widget-image\" data-id=\"fcdcd2f\" data-element_type=\"widget\" data-e-type=\"widget\" data-widget_type=\"image.default\">\n\t\t\t\t<div class=\"elementor-widget-container\">\n\t\t\t\t\t\t\t\t\t\t\t\t\t\t\t<img decoding=\"async\" width=\"640\" height=\"960\" src=\"https:\/\/polaris.wp.super-crowd.com\/wp-content\/uploads\/2025\/03\/PO24_RO_111024_00759-683x1024.jpg\" class=\"attachment-large size-large wp-image-30958\" alt=\"Foto von einer K\u00fcnsterlin der Artist Alley\" srcset=\"https:\/\/polaris.wp.super-crowd.com\/wp-content\/uploads\/2025\/03\/PO24_RO_111024_00759-683x1024.jpg 683w, https:\/\/polaris.wp.super-crowd.com\/wp-content\/uploads\/2025\/03\/PO24_RO_111024_00759-200x300.jpg 200w, https:\/\/polaris.wp.super-crowd.com\/wp-content\/uploads\/2025\/03\/PO24_RO_111024_00759-768x1152.jpg 768w, https:\/\/polaris.wp.super-crowd.com\/wp-content\/uploads\/2025\/03\/PO24_RO_111024_00759-1024x1536.jpg 1024w, https:\/\/polaris.wp.super-crowd.com\/wp-content\/uploads\/2025\/03\/PO24_RO_111024_00759-1365x2048.jpg 1365w, https:\/\/polaris.wp.super-crowd.com\/wp-content\/uploads\/2025\/03\/PO24_RO_111024_00759-8x12.jpg 8w, https:\/\/polaris.wp.super-crowd.com\/wp-content\/uploads\/2025\/03\/PO24_RO_111024_00759-scaled.jpg 1707w\" sizes=\"(max-width: 640px) 100vw, 640px\" \/>\t\t\t\t\t\t\t\t\t\t\t\t\t\t\t<\/div>\n\t\t\t\t<\/div>\n\t\t\t\t<\/div>\n\t\t<div class=\"elementor-element elementor-element-8cc1557 e-con-full e-flex e-con e-child\" data-id=\"8cc1557\" data-element_type=\"container\" data-e-type=\"container\" data-settings=\"{&quot;background_background&quot;:&quot;classic&quot;}\">\n\t\t\t\t<div class=\"elementor-element elementor-element-ff6cdce elementor-widget elementor-widget-heading\" data-id=\"ff6cdce\" data-element_type=\"widget\" data-e-type=\"widget\" data-widget_type=\"heading.default\">\n\t\t\t\t<div class=\"elementor-widget-container\">\n\t\t\t\t\t<h4 class=\"elementor-heading-title elementor-size-default\">Unsere K\u00fcnstler:innen<\/h4>\t\t\t\t<\/div>\n\t\t\t\t<\/div>\n\t\t\t\t<div class=\"elementor-element elementor-element-81475fe elementor-widget elementor-widget-text-editor\" data-id=\"81475fe\" data-element_type=\"widget\" data-e-type=\"widget\" data-widget_type=\"text-editor.default\">\n\t\t\t\t<div class=\"elementor-widget-container\">\n\t\t\t\t\t\t\t\t\t<p>Ihr m\u00f6chtet schon vor der POLARIS durch die verschiedenen K\u00fcnstler:innen st\u00f6bern, um euch auf das vorzubereiten, was euch erwartet? Hier findet ihr kurz vor der Messe die \u00dcbersicht aller 150 ausstellenden K\u00fcnstler:innen, die unsere bisher gr\u00f6\u00dfte Artist Alley f\u00fcllen werden!<\/p>\t\t\t\t\t\t\t\t<\/div>\n\t\t\t\t<\/div>\n\t\t\t\t<div class=\"elementor-element elementor-element-8183b35 elementor-align-justify elementor-widget__width-inherit e-transform elementor-widget elementor-widget-button\" data-id=\"8183b35\" data-element_type=\"widget\" data-e-type=\"widget\" data-settings=\"{&quot;_transform_scale_effect_hover&quot;:{&quot;unit&quot;:&quot;px&quot;,&quot;size&quot;:1.01,&quot;sizes&quot;:[]},&quot;_transform_scale_effect_hover_tablet&quot;:{&quot;unit&quot;:&quot;px&quot;,&quot;size&quot;:&quot;&quot;,&quot;sizes&quot;:[]},&quot;_transform_scale_effect_hover_mobile&quot;:{&quot;unit&quot;:&quot;px&quot;,&quot;size&quot;:&quot;&quot;,&quot;sizes&quot;:[]}}\" data-widget_type=\"button.default\">\n\t\t\t\t<div class=\"elementor-widget-container\">\n\t\t\t\t\t\t\t\t\t<div class=\"elementor-button-wrapper\">\n\t\t\t\t\t<a class=\"elementor-button elementor-button-link elementor-size-sm\" href=\"https:\/\/polaris.wp.super-crowd.com\/de_de_de\/fuer-besuchende\/unsere-ausstellende\/\">\n\t\t\t\t\t\t<span class=\"elementor-button-content-wrapper\">\n\t\t\t\t\t\t<span class=\"elementor-button-icon\">\n\t\t\t\t<i aria-hidden=\"true\" class=\"icon icon-angle-right\"><\/i>\t\t\t<\/span>\n\t\t\t\t\t\t\t\t\t<span class=\"elementor-button-text\">Hier entdecken<\/span>\n\t\t\t\t\t<\/span>\n\t\t\t\t\t<\/a>\n\t\t\t\t<\/div>\n\t\t\t\t\t\t\t\t<\/div>\n\t\t\t\t<\/div>\n\t\t\t\t<\/div>\n\t\t\t\t<\/div>\n\t\t<div class=\"elementor-element elementor-element-ec28523 e-con-full e-flex e-con e-child\" data-id=\"ec28523\" data-element_type=\"container\" data-e-type=\"container\">\n\t\t<div class=\"elementor-element elementor-element-ec1af29 e-con-full e-flex e-con e-child\" data-id=\"ec1af29\" data-element_type=\"container\" data-e-type=\"container\" data-settings=\"{&quot;background_background&quot;:&quot;classic&quot;}\">\n\t\t\t\t<div class=\"elementor-element elementor-element-f1bc37e elementor-widget elementor-widget-heading\" data-id=\"f1bc37e\" data-element_type=\"widget\" data-e-type=\"widget\" data-widget_type=\"heading.default\">\n\t\t\t\t<div class=\"elementor-widget-container\">\n\t\t\t\t\t<h4 class=\"elementor-heading-title elementor-size-default\">Vergangene Gewinner:innen entdecken<\/h4>\t\t\t\t<\/div>\n\t\t\t\t<\/div>\n\t\t\t\t<div class=\"elementor-element elementor-element-444cf2b elementor-widget elementor-widget-text-editor\" data-id=\"444cf2b\" data-element_type=\"widget\" data-e-type=\"widget\" data-widget_type=\"text-editor.default\">\n\t\t\t\t<div class=\"elementor-widget-container\">\n\t\t\t\t\t\t\t\t\t<p>Ihr wollt mehr zu den bisherigen Art Contest Gewinner:innen erfahren und die fr\u00fcheren Themen durchst\u00f6bern?<br \/>Hier k\u00f6nnt ihr euch durch die Gewinner:innen der vergangenen Jahr klicken!<\/p>\t\t\t\t\t\t\t\t<\/div>\n\t\t\t\t<\/div>\n\t\t\t\t<div class=\"elementor-element elementor-element-92b14fe elementor-align-justify elementor-widget__width-inherit e-transform elementor-widget elementor-widget-button\" data-id=\"92b14fe\" data-element_type=\"widget\" data-e-type=\"widget\" data-settings=\"{&quot;_transform_scale_effect_hover&quot;:{&quot;unit&quot;:&quot;px&quot;,&quot;size&quot;:1.01,&quot;sizes&quot;:[]},&quot;_transform_scale_effect_hover_tablet&quot;:{&quot;unit&quot;:&quot;px&quot;,&quot;size&quot;:&quot;&quot;,&quot;sizes&quot;:[]},&quot;_transform_scale_effect_hover_mobile&quot;:{&quot;unit&quot;:&quot;px&quot;,&quot;size&quot;:&quot;&quot;,&quot;sizes&quot;:[]}}\" data-widget_type=\"button.default\">\n\t\t\t\t<div class=\"elementor-widget-container\">\n\t\t\t\t\t\t\t\t\t<div class=\"elementor-button-wrapper\">\n\t\t\t\t\t<a class=\"elementor-button elementor-button-link elementor-size-sm\" href=\"https:\/\/polaris.wp.super-crowd.com\/de_de_de\/fuer-besuchende\/unsere-areas\/artist-alley\/art-contest-winners\/\">\n\t\t\t\t\t\t<span class=\"elementor-button-content-wrapper\">\n\t\t\t\t\t\t<span class=\"elementor-button-icon\">\n\t\t\t\t<i aria-hidden=\"true\" class=\"icon icon-angle-right\"><\/i>\t\t\t<\/span>\n\t\t\t\t\t\t\t\t\t<span class=\"elementor-button-text\">Mehr Infos<\/span>\n\t\t\t\t\t<\/span>\n\t\t\t\t\t<\/a>\n\t\t\t\t<\/div>\n\t\t\t\t\t\t\t\t<\/div>\n\t\t\t\t<\/div>\n\t\t\t\t<\/div>\n\t\t<div class=\"elementor-element elementor-element-af9eeb7 e-con-full e-flex e-con e-child\" data-id=\"af9eeb7\" data-element_type=\"container\" data-e-type=\"container\">\n\t\t\t\t<div class=\"elementor-element elementor-element-0c752b7 elementor-hidden-desktop elementor-hidden-tablet elementor-widget elementor-widget-image\" data-id=\"0c752b7\" data-element_type=\"widget\" data-e-type=\"widget\" data-widget_type=\"image.default\">\n\t\t\t\t<div class=\"elementor-widget-container\">\n\t\t\t\t\t\t\t\t\t\t\t\t\t\t\t<img decoding=\"async\" width=\"640\" height=\"427\" src=\"https:\/\/polaris.wp.super-crowd.com\/wp-content\/uploads\/2025\/03\/PO24_RO_111024_00754-1024x683.jpg\" class=\"attachment-large size-large wp-image-30956\" alt=\"Foto von einer K\u00fcnstlerin, die Japanische F\u00e4cher mit Kalligraphie-Schriftzeichen betuscht\" srcset=\"https:\/\/polaris.wp.super-crowd.com\/wp-content\/uploads\/2025\/03\/PO24_RO_111024_00754-1024x683.jpg 1024w, https:\/\/polaris.wp.super-crowd.com\/wp-content\/uploads\/2025\/03\/PO24_RO_111024_00754-300x200.jpg 300w, https:\/\/polaris.wp.super-crowd.com\/wp-content\/uploads\/2025\/03\/PO24_RO_111024_00754-768x512.jpg 768w, https:\/\/polaris.wp.super-crowd.com\/wp-content\/uploads\/2025\/03\/PO24_RO_111024_00754-1536x1024.jpg 1536w, https:\/\/polaris.wp.super-crowd.com\/wp-content\/uploads\/2025\/03\/PO24_RO_111024_00754-2048x1365.jpg 2048w, https:\/\/polaris.wp.super-crowd.com\/wp-content\/uploads\/2025\/03\/PO24_RO_111024_00754-18x12.jpg 18w\" sizes=\"(max-width: 640px) 100vw, 640px\" \/>\t\t\t\t\t\t\t\t\t\t\t\t\t\t\t<\/div>\n\t\t\t\t<\/div>\n\t\t\t\t<\/div>\n\t\t\t\t<\/div>\n\t\t\t\t<\/div>\n\t\t\t\t\t<\/div>\n\t\t\t\t<\/div>\n\t\t<div class=\"elementor-element elementor-element-8c72a8e e-flex e-con-boxed e-con e-parent\" data-id=\"8c72a8e\" data-element_type=\"container\" data-e-type=\"container\">\n\t\t\t\t\t<div class=\"e-con-inner\">\n\t\t\t\t<div class=\"elementor-element elementor-element-dfda925 elementor-widget elementor-widget-spacer\" data-id=\"dfda925\" data-element_type=\"widget\" data-e-type=\"widget\" data-widget_type=\"spacer.default\">\n\t\t\t\t<div class=\"elementor-widget-container\">\n\t\t\t\t\t\t\t<div class=\"elementor-spacer\">\n\t\t\t<div class=\"elementor-spacer-inner\"><\/div>\n\t\t<\/div>\n\t\t\t\t\t\t<\/div>\n\t\t\t\t<\/div>\n\t\t<div class=\"elementor-element elementor-element-b724ddc e-con-full elementor-hidden-mobile e-flex e-con e-child\" data-id=\"b724ddc\" data-element_type=\"container\" data-e-type=\"container\" data-settings=\"{&quot;background_background&quot;:&quot;classic&quot;}\">\n\t\t\t\t<\/div>\n\t\t\t\t<div class=\"elementor-element elementor-element-833cb53 elementor-widget elementor-widget-spacer\" data-id=\"833cb53\" data-element_type=\"widget\" data-e-type=\"widget\" data-widget_type=\"spacer.default\">\n\t\t\t\t<div class=\"elementor-widget-container\">\n\t\t\t\t\t\t\t<div class=\"elementor-spacer\">\n\t\t\t<div class=\"elementor-spacer-inner\"><\/div>\n\t\t<\/div>\n\t\t\t\t\t\t<\/div>\n\t\t\t\t<\/div>\n\t\t\t\t\t<\/div>\n\t\t\t\t<\/div>\n\t\t\t\t<\/div>","protected":false},"excerpt":{"rendered":"<p>Artist Alley Art Contest 2025 Auch in diesem Jahr wollen wir die kreativsten und begabtesten K\u00f6pfe unserer Community durch einen Art Contest feiern!Informationen zu unseren diesj\u00e4hrigen Sponsoren, den Anmeldefristen und Gewinnen findet ihr bald hier! Zum Art Contest Unsere K\u00fcnstler:innen&#8230;<\/p>","protected":false},"author":12,"featured_media":0,"parent":30737,"menu_order":0,"comment_status":"closed","ping_status":"closed","template":"","meta":{"footnotes":""},"class_list":["post-30952","page","type-page","status-publish","hentry"],"yoast_head":"<!-- This site is optimized with the Yoast SEO plugin v27.3 - https:\/\/yoast.com\/product\/yoast-seo-wordpress\/ -->\n<title>Artist Alley - POLARIS<\/title>\n<meta name=\"robots\" content=\"index, follow, max-snippet:-1, max-image-preview:large, max-video-preview:-1\" \/>\n<link rel=\"canonical\" href=\"https:\/\/polaris.wp.super-crowd.com\/de_de_de\/fuer-besuchende\/unsere-areas\/artist-alley\/\" \/>\n<meta property=\"og:locale\" content=\"de_DE\" \/>\n<meta property=\"og:type\" content=\"article\" \/>\n<meta property=\"og:title\" content=\"Artist Alley - POLARIS\" \/>\n<meta property=\"og:description\" content=\"Artist Alley Art Contest 2025 Auch in diesem Jahr wollen wir die kreativsten und begabtesten K\u00f6pfe unserer Community durch einen Art Contest feiern!Informationen zu unseren diesj\u00e4hrigen Sponsoren, den Anmeldefristen und Gewinnen findet ihr bald hier! Zum Art Contest Unsere K\u00fcnstler:innen...\" \/>\n<meta property=\"og:url\" content=\"https:\/\/polaris.wp.super-crowd.com\/de_de_de\/fuer-besuchende\/unsere-areas\/artist-alley\/\" \/>\n<meta property=\"og:site_name\" content=\"POLARIS\" \/>\n<meta property=\"article:modified_time\" content=\"2025-10-03T21:45:46+00:00\" \/>\n<meta property=\"og:image\" content=\"https:\/\/polaris-con.de\/wp-content\/uploads\/2025\/03\/PO24_RO_111024_00763-scaled-e1752230515823-1024x729.jpg\" \/>\n<meta name=\"twitter:card\" content=\"summary_large_image\" \/>\n<meta name=\"twitter:label1\" content=\"Est. reading time\" \/>\n\t<meta name=\"twitter:data1\" content=\"2 minutes\" \/>\n<script type=\"application\/ld+json\" class=\"yoast-schema-graph\">{\"@context\":\"https:\\\/\\\/schema.org\",\"@graph\":[{\"@type\":\"WebPage\",\"@id\":\"https:\\\/\\\/polaris.wp.super-crowd.com\\\/de_de_de\\\/fuer-besuchende\\\/unsere-areas\\\/artist-alley\\\/\",\"url\":\"https:\\\/\\\/polaris.wp.super-crowd.com\\\/de_de_de\\\/fuer-besuchende\\\/unsere-areas\\\/artist-alley\\\/\",\"name\":\"Artist Alley - POLARIS\",\"isPartOf\":{\"@id\":\"https:\\\/\\\/polaris.wp.super-crowd.com\\\/de_de\\\/#website\"},\"primaryImageOfPage\":{\"@id\":\"https:\\\/\\\/polaris.wp.super-crowd.com\\\/de_de_de\\\/fuer-besuchende\\\/unsere-areas\\\/artist-alley\\\/#primaryimage\"},\"image\":{\"@id\":\"https:\\\/\\\/polaris.wp.super-crowd.com\\\/de_de_de\\\/fuer-besuchende\\\/unsere-areas\\\/artist-alley\\\/#primaryimage\"},\"thumbnailUrl\":\"https:\\\/\\\/polaris-con.de\\\/wp-content\\\/uploads\\\/2025\\\/03\\\/PO24_RO_111024_00763-scaled-e1752230515823-1024x729.jpg\",\"datePublished\":\"2025-03-13T10:14:52+00:00\",\"dateModified\":\"2025-10-03T21:45:46+00:00\",\"breadcrumb\":{\"@id\":\"https:\\\/\\\/polaris.wp.super-crowd.com\\\/de_de_de\\\/fuer-besuchende\\\/unsere-areas\\\/artist-alley\\\/#breadcrumb\"},\"inLanguage\":\"de-de-de\",\"potentialAction\":[{\"@type\":\"ReadAction\",\"target\":[\"https:\\\/\\\/polaris.wp.super-crowd.com\\\/de_de_de\\\/fuer-besuchende\\\/unsere-areas\\\/artist-alley\\\/\"]}]},{\"@type\":\"ImageObject\",\"inLanguage\":\"de-de-de\",\"@id\":\"https:\\\/\\\/polaris.wp.super-crowd.com\\\/de_de_de\\\/fuer-besuchende\\\/unsere-areas\\\/artist-alley\\\/#primaryimage\",\"url\":\"https:\\\/\\\/polaris-con.de\\\/wp-content\\\/uploads\\\/2025\\\/03\\\/PO24_RO_111024_00763-scaled-e1752230515823-1024x729.jpg\",\"contentUrl\":\"https:\\\/\\\/polaris-con.de\\\/wp-content\\\/uploads\\\/2025\\\/03\\\/PO24_RO_111024_00763-scaled-e1752230515823-1024x729.jpg\"},{\"@type\":\"BreadcrumbList\",\"@id\":\"https:\\\/\\\/polaris.wp.super-crowd.com\\\/de_de_de\\\/fuer-besuchende\\\/unsere-areas\\\/artist-alley\\\/#breadcrumb\",\"itemListElement\":[{\"@type\":\"ListItem\",\"position\":1,\"name\":\"F\u00fcr Besuchende\",\"item\":\"https:\\\/\\\/polaris.wp.super-crowd.com\\\/de_de_de\\\/fuer-besuchende\\\/\"},{\"@type\":\"ListItem\",\"position\":2,\"name\":\"Unsere Areas\",\"item\":\"https:\\\/\\\/polaris.wp.super-crowd.com\\\/de_de_de\\\/fuer-besuchende\\\/unsere-areas\\\/\"},{\"@type\":\"ListItem\",\"position\":3,\"name\":\"Artist Alley\"}]},{\"@type\":\"WebSite\",\"@id\":\"https:\\\/\\\/polaris.wp.super-crowd.com\\\/de_de\\\/#website\",\"url\":\"https:\\\/\\\/polaris.wp.super-crowd.com\\\/de_de\\\/\",\"name\":\"POLARIS\",\"description\":\"Dein Community-Universum\",\"potentialAction\":[{\"@type\":\"SearchAction\",\"target\":{\"@type\":\"EntryPoint\",\"urlTemplate\":\"https:\\\/\\\/polaris.wp.super-crowd.com\\\/de_de\\\/?s={search_term_string}\"},\"query-input\":{\"@type\":\"PropertyValueSpecification\",\"valueRequired\":true,\"valueName\":\"search_term_string\"}}],\"inLanguage\":\"de-de-de\"}]}<\/script>\n<!-- \/ Yoast SEO plugin. -->","yoast_head_json":{"title":"Artist Alley - POLARIS","robots":{"index":"index","follow":"follow","max-snippet":"max-snippet:-1","max-image-preview":"max-image-preview:large","max-video-preview":"max-video-preview:-1"},"canonical":"https:\/\/polaris.wp.super-crowd.com\/de_de_de\/fuer-besuchende\/unsere-areas\/artist-alley\/","og_locale":"de_DE","og_type":"article","og_title":"Artist Alley - POLARIS","og_description":"Artist Alley Art Contest 2025 Auch in diesem Jahr wollen wir die kreativsten und begabtesten K\u00f6pfe unserer Community durch einen Art Contest feiern!Informationen zu unseren diesj\u00e4hrigen Sponsoren, den Anmeldefristen und Gewinnen findet ihr bald hier! Zum Art Contest Unsere K\u00fcnstler:innen...","og_url":"https:\/\/polaris.wp.super-crowd.com\/de_de_de\/fuer-besuchende\/unsere-areas\/artist-alley\/","og_site_name":"POLARIS","article_modified_time":"2025-10-03T21:45:46+00:00","og_image":[{"url":"https:\/\/polaris-con.de\/wp-content\/uploads\/2025\/03\/PO24_RO_111024_00763-scaled-e1752230515823-1024x729.jpg","type":"","width":"","height":""}],"twitter_card":"summary_large_image","twitter_misc":{"Est. reading time":"2 minutes"},"schema":{"@context":"https:\/\/schema.org","@graph":[{"@type":"WebPage","@id":"https:\/\/polaris.wp.super-crowd.com\/de_de_de\/fuer-besuchende\/unsere-areas\/artist-alley\/","url":"https:\/\/polaris.wp.super-crowd.com\/de_de_de\/fuer-besuchende\/unsere-areas\/artist-alley\/","name":"Artist Alley - POLARIS","isPartOf":{"@id":"https:\/\/polaris.wp.super-crowd.com\/de_de\/#website"},"primaryImageOfPage":{"@id":"https:\/\/polaris.wp.super-crowd.com\/de_de_de\/fuer-besuchende\/unsere-areas\/artist-alley\/#primaryimage"},"image":{"@id":"https:\/\/polaris.wp.super-crowd.com\/de_de_de\/fuer-besuchende\/unsere-areas\/artist-alley\/#primaryimage"},"thumbnailUrl":"https:\/\/polaris-con.de\/wp-content\/uploads\/2025\/03\/PO24_RO_111024_00763-scaled-e1752230515823-1024x729.jpg","datePublished":"2025-03-13T10:14:52+00:00","dateModified":"2025-10-03T21:45:46+00:00","breadcrumb":{"@id":"https:\/\/polaris.wp.super-crowd.com\/de_de_de\/fuer-besuchende\/unsere-areas\/artist-alley\/#breadcrumb"},"inLanguage":"de-de-de","potentialAction":[{"@type":"ReadAction","target":["https:\/\/polaris.wp.super-crowd.com\/de_de_de\/fuer-besuchende\/unsere-areas\/artist-alley\/"]}]},{"@type":"ImageObject","inLanguage":"de-de-de","@id":"https:\/\/polaris.wp.super-crowd.com\/de_de_de\/fuer-besuchende\/unsere-areas\/artist-alley\/#primaryimage","url":"https:\/\/polaris-con.de\/wp-content\/uploads\/2025\/03\/PO24_RO_111024_00763-scaled-e1752230515823-1024x729.jpg","contentUrl":"https:\/\/polaris-con.de\/wp-content\/uploads\/2025\/03\/PO24_RO_111024_00763-scaled-e1752230515823-1024x729.jpg"},{"@type":"BreadcrumbList","@id":"https:\/\/polaris.wp.super-crowd.com\/de_de_de\/fuer-besuchende\/unsere-areas\/artist-alley\/#breadcrumb","itemListElement":[{"@type":"ListItem","position":1,"name":"F\u00fcr Besuchende","item":"https:\/\/polaris.wp.super-crowd.com\/de_de_de\/fuer-besuchende\/"},{"@type":"ListItem","position":2,"name":"Unsere Areas","item":"https:\/\/polaris.wp.super-crowd.com\/de_de_de\/fuer-besuchende\/unsere-areas\/"},{"@type":"ListItem","position":3,"name":"Artist Alley"}]},{"@type":"WebSite","@id":"https:\/\/polaris.wp.super-crowd.com\/de_de\/#website","url":"https:\/\/polaris.wp.super-crowd.com\/de_de\/","name":"POLARIS","description":"Dein Community-Universum","potentialAction":[{"@type":"SearchAction","target":{"@type":"EntryPoint","urlTemplate":"https:\/\/polaris.wp.super-crowd.com\/de_de\/?s={search_term_string}"},"query-input":{"@type":"PropertyValueSpecification","valueRequired":true,"valueName":"search_term_string"}}],"inLanguage":"de-de-de"}]}},"_links":{"self":[{"href":"https:\/\/polaris.wp.super-crowd.com\/de_de_de\/wp-json\/wp\/v2\/pages\/30952","targetHints":{"allow":["GET"]}}],"collection":[{"href":"https:\/\/polaris.wp.super-crowd.com\/de_de_de\/wp-json\/wp\/v2\/pages"}],"about":[{"href":"https:\/\/polaris.wp.super-crowd.com\/de_de_de\/wp-json\/wp\/v2\/types\/page"}],"author":[{"embeddable":true,"href":"https:\/\/polaris.wp.super-crowd.com\/de_de_de\/wp-json\/wp\/v2\/users\/12"}],"replies":[{"embeddable":true,"href":"https:\/\/polaris.wp.super-crowd.com\/de_de_de\/wp-json\/wp\/v2\/comments?post=30952"}],"version-history":[{"count":178,"href":"https:\/\/polaris.wp.super-crowd.com\/de_de_de\/wp-json\/wp\/v2\/pages\/30952\/revisions"}],"predecessor-version":[{"id":47408,"href":"https:\/\/polaris.wp.super-crowd.com\/de_de_de\/wp-json\/wp\/v2\/pages\/30952\/revisions\/47408"}],"up":[{"embeddable":true,"href":"https:\/\/polaris.wp.super-crowd.com\/de_de_de\/wp-json\/wp\/v2\/pages\/30737"}],"wp:attachment":[{"href":"https:\/\/polaris.wp.super-crowd.com\/de_de_de\/wp-json\/wp\/v2\/media?parent=30952"}],"curies":[{"name":"wp","href":"https:\/\/api.w.org\/{rel}","templated":true}]}}