{"id":31294,"date":"2025-03-14T09:34:08","date_gmt":"2025-03-14T07:34:08","guid":{"rendered":"https:\/\/polaris-wp-staging.super-crowd.com\/?page_id=31294"},"modified":"2026-03-06T09:19:02","modified_gmt":"2026-03-06T07:19:02","slug":"retro-area","status":"publish","type":"page","link":"https:\/\/polaris.wp.super-crowd.com\/de_de\/fuer-besuchende\/unsere-areas\/retro-area\/","title":{"rendered":"Retro Area"},"content":{"rendered":"\t\t<div data-elementor-type=\"wp-page\" data-elementor-id=\"31294\" class=\"elementor elementor-31294\" data-elementor-post-type=\"page\">\n\t\t\t\t<div class=\"elementor-element elementor-element-a845dd1 e-con-full e-flex e-con e-parent\" data-id=\"a845dd1\" data-element_type=\"container\" data-e-type=\"container\" data-settings=\"{&quot;background_background&quot;:&quot;classic&quot;}\">\n\t\t<div class=\"elementor-element elementor-element-eff8927 e-con-full e-flex e-con e-child\" data-id=\"eff8927\" data-element_type=\"container\" data-e-type=\"container\">\n\t\t\t\t<div class=\"elementor-element elementor-element-b619ade elementor-widget elementor-widget-pix-text\" data-id=\"b619ade\" data-element_type=\"widget\" data-e-type=\"widget\" data-widget_type=\"pix-text.default\">\n\t\t\t\t<div class=\"elementor-widget-container\">\n\t\t\t\t\t<div class=\"pix-el-text w-100 text-center \" ><p class=\"resp-option text-center \"><p>Retro Area<\/p><\/p><\/div>\t\t\t\t<\/div>\n\t\t\t\t<\/div>\n\t\t\t\t<\/div>\n\t\t\t\t<\/div>\n\t\t<div class=\"elementor-element elementor-element-32bbd52 e-flex e-con-boxed e-con e-parent\" data-id=\"32bbd52\" data-element_type=\"container\" data-e-type=\"container\">\n\t\t\t\t\t<div class=\"e-con-inner\">\n\t\t<div class=\"elementor-element elementor-element-3092eb5 e-con-full e-flex e-con e-child\" data-id=\"3092eb5\" data-element_type=\"container\" data-e-type=\"container\">\n\t\t<div class=\"elementor-element elementor-element-00bd640 e-con-full e-flex e-con e-child\" data-id=\"00bd640\" data-element_type=\"container\" data-e-type=\"container\">\n\t\t\t\t<div class=\"elementor-element elementor-element-3f779bb elementor-hidden-desktop elementor-hidden-tablet elementor-widget elementor-widget-image\" data-id=\"3f779bb\" data-element_type=\"widget\" data-e-type=\"widget\" data-widget_type=\"image.default\">\n\t\t\t\t<div class=\"elementor-widget-container\">\n\t\t\t\t\t\t\t\t\t\t\t\t\t\t\t<img fetchpriority=\"high\" decoding=\"async\" width=\"640\" height=\"427\" src=\"https:\/\/polaris.wp.super-crowd.com\/wp-content\/uploads\/2025\/03\/PO24_RO_121024_03560-1-1024x683.jpg\" class=\"attachment-large size-large wp-image-38346\" alt=\"Foto vom Retro-Flohmarkt der POLARIS Convention 2024.\" srcset=\"https:\/\/polaris.wp.super-crowd.com\/wp-content\/uploads\/2025\/03\/PO24_RO_121024_03560-1-1024x683.jpg 1024w, https:\/\/polaris.wp.super-crowd.com\/wp-content\/uploads\/2025\/03\/PO24_RO_121024_03560-1-300x200.jpg 300w, https:\/\/polaris.wp.super-crowd.com\/wp-content\/uploads\/2025\/03\/PO24_RO_121024_03560-1-768x512.jpg 768w, https:\/\/polaris.wp.super-crowd.com\/wp-content\/uploads\/2025\/03\/PO24_RO_121024_03560-1-1536x1024.jpg 1536w, https:\/\/polaris.wp.super-crowd.com\/wp-content\/uploads\/2025\/03\/PO24_RO_121024_03560-1-2048x1365.jpg 2048w, https:\/\/polaris.wp.super-crowd.com\/wp-content\/uploads\/2025\/03\/PO24_RO_121024_03560-1-18x12.jpg 18w\" sizes=\"(max-width: 640px) 100vw, 640px\" \/>\t\t\t\t\t\t\t\t\t\t\t\t\t\t\t<\/div>\n\t\t\t\t<\/div>\n\t\t\t\t<\/div>\n\t\t<div class=\"elementor-element elementor-element-8cc1557 e-con-full e-flex e-con e-child\" data-id=\"8cc1557\" data-element_type=\"container\" data-e-type=\"container\" data-settings=\"{&quot;background_background&quot;:&quot;classic&quot;}\">\n\t\t\t\t<div class=\"elementor-element elementor-element-ff6cdce elementor-widget elementor-widget-heading\" data-id=\"ff6cdce\" data-element_type=\"widget\" data-e-type=\"widget\" data-widget_type=\"heading.default\">\n\t\t\t\t<div class=\"elementor-widget-container\">\n\t\t\t\t\t<h4 class=\"elementor-heading-title elementor-size-default\">Retro Flohmarkt<\/h4>\t\t\t\t<\/div>\n\t\t\t\t<\/div>\n\t\t\t\t<div class=\"elementor-element elementor-element-81475fe elementor-widget elementor-widget-text-editor\" data-id=\"81475fe\" data-element_type=\"widget\" data-e-type=\"widget\" data-widget_type=\"text-editor.default\">\n\t\t\t\t<div class=\"elementor-widget-container\">\n\t\t\t\t\t\t\t\t\t<p style=\"text-align: left;\">Auch unser beliebter Retroflohmarkt findet wieder statt, mit zahlreichen Verkaufstischen bieten H\u00e4ndler:innen wieder alles an, was das Retroherz an Hard- und Software begehrt.<br aria-hidden=\"true\" \/>Dabei findet ihr alles von Vintage-Merchandise \u00fcber Klassiker wie Zubeh\u00f6r f\u00fcr Game Boy, Gamecube oder Atari VCS bis zur Xbox. Und damit wirklich alle Besuchende in den Genuss des Flohmarkts kommen, findet er diesmal nicht nur am Wochenende, sondern an allen Tagen statt.<br aria-hidden=\"true\" \/>Ob wir dieses Jahr eine \u00f6ffentliche Anmeldung erm\u00f6glichen k\u00f6nnen oder eine Auswahl der bestausgestatteten H\u00e4ndler:innen einladen, k\u00f6nnen wir derzeit noch nicht absehen.<\/p>\t\t\t\t\t\t\t\t<\/div>\n\t\t\t\t<\/div>\n\t\t\t\t<\/div>\n\t\t\t\t<\/div>\n\t\t<div class=\"elementor-element elementor-element-4b5a1f2 e-con-full e-flex e-con e-child\" data-id=\"4b5a1f2\" data-element_type=\"container\" data-e-type=\"container\">\n\t\t\t\t<div class=\"elementor-element elementor-element-431620e elementor-widget elementor-widget-spacer\" data-id=\"431620e\" data-element_type=\"widget\" data-e-type=\"widget\" data-widget_type=\"spacer.default\">\n\t\t\t\t<div class=\"elementor-widget-container\">\n\t\t\t\t\t\t\t<div class=\"elementor-spacer\">\n\t\t\t<div class=\"elementor-spacer-inner\"><\/div>\n\t\t<\/div>\n\t\t\t\t\t\t<\/div>\n\t\t\t\t<\/div>\n\t\t\t\t<\/div>\n\t\t\t\t\t<\/div>\n\t\t\t\t<\/div>\n\t\t<div class=\"elementor-element elementor-element-480a7d2 e-flex e-con-boxed e-con e-parent\" data-id=\"480a7d2\" data-element_type=\"container\" data-e-type=\"container\">\n\t\t\t\t\t<div class=\"e-con-inner\">\n\t\t<div class=\"elementor-element elementor-element-ec28523 e-con-full e-flex e-con e-child\" data-id=\"ec28523\" data-element_type=\"container\" data-e-type=\"container\">\n\t\t<div class=\"elementor-element elementor-element-ec1af29 e-con-full e-flex e-con e-child\" data-id=\"ec1af29\" data-element_type=\"container\" data-e-type=\"container\" data-settings=\"{&quot;background_background&quot;:&quot;classic&quot;}\">\n\t\t\t\t<div class=\"elementor-element elementor-element-f1bc37e elementor-widget elementor-widget-heading\" data-id=\"f1bc37e\" data-element_type=\"widget\" data-e-type=\"widget\" data-widget_type=\"heading.default\">\n\t\t\t\t<div class=\"elementor-widget-container\">\n\t\t\t\t\t<h4 class=\"elementor-heading-title elementor-size-default\">Retro Ausstellung<\/h4>\t\t\t\t<\/div>\n\t\t\t\t<\/div>\n\t\t\t\t<div class=\"elementor-element elementor-element-444cf2b elementor-widget elementor-widget-text-editor\" data-id=\"444cf2b\" data-element_type=\"widget\" data-e-type=\"widget\" data-widget_type=\"text-editor.default\">\n\t\t\t\t<div class=\"elementor-widget-container\">\n\t\t\t\t\t\t\t\t\t<p style=\"text-align: left;\">Wir pr\u00e4sentieren euch erneut eine feinst kuratierte Ausstellung voller Nostalgie und spannender Fakten im Herzen der Sandbox! Um welches Thema sich die Ausstellung dieses Jahr mal dreht und welche Highlights wir euch pr\u00e4sentieren k\u00f6nnen, erfahrt ihr schon bald!<\/p>\t\t\t\t\t\t\t\t<\/div>\n\t\t\t\t<\/div>\n\t\t\t\t<\/div>\n\t\t<div class=\"elementor-element elementor-element-af9eeb7 e-con-full e-flex e-con e-child\" data-id=\"af9eeb7\" data-element_type=\"container\" data-e-type=\"container\">\n\t\t\t\t<div class=\"elementor-element elementor-element-7008006 elementor-hidden-desktop elementor-hidden-tablet elementor-widget elementor-widget-image\" data-id=\"7008006\" data-element_type=\"widget\" data-e-type=\"widget\" data-widget_type=\"image.default\">\n\t\t\t\t<div class=\"elementor-widget-container\">\n\t\t\t\t\t\t\t\t\t\t\t\t\t\t\t<img decoding=\"async\" width=\"640\" height=\"427\" src=\"https:\/\/polaris.wp.super-crowd.com\/wp-content\/uploads\/2025\/03\/PO24_RO_121024_03566-1024x683.jpg\" class=\"attachment-large size-large wp-image-31312\" alt=\"Foto von einem Nintendo Gamecube-Spiel\" srcset=\"https:\/\/polaris.wp.super-crowd.com\/wp-content\/uploads\/2025\/03\/PO24_RO_121024_03566-1024x683.jpg 1024w, https:\/\/polaris.wp.super-crowd.com\/wp-content\/uploads\/2025\/03\/PO24_RO_121024_03566-300x200.jpg 300w, https:\/\/polaris.wp.super-crowd.com\/wp-content\/uploads\/2025\/03\/PO24_RO_121024_03566-768x512.jpg 768w, https:\/\/polaris.wp.super-crowd.com\/wp-content\/uploads\/2025\/03\/PO24_RO_121024_03566-1536x1024.jpg 1536w, https:\/\/polaris.wp.super-crowd.com\/wp-content\/uploads\/2025\/03\/PO24_RO_121024_03566-2048x1365.jpg 2048w, https:\/\/polaris.wp.super-crowd.com\/wp-content\/uploads\/2025\/03\/PO24_RO_121024_03566-18x12.jpg 18w\" sizes=\"(max-width: 640px) 100vw, 640px\" \/>\t\t\t\t\t\t\t\t\t\t\t\t\t\t\t<\/div>\n\t\t\t\t<\/div>\n\t\t\t\t<\/div>\n\t\t\t\t<\/div>\n\t\t<div class=\"elementor-element elementor-element-6b117f2 e-con-full e-flex e-con e-child\" data-id=\"6b117f2\" data-element_type=\"container\" data-e-type=\"container\">\n\t\t\t\t<div class=\"elementor-element elementor-element-0875cdb elementor-widget elementor-widget-spacer\" data-id=\"0875cdb\" data-element_type=\"widget\" data-e-type=\"widget\" data-widget_type=\"spacer.default\">\n\t\t\t\t<div class=\"elementor-widget-container\">\n\t\t\t\t\t\t\t<div class=\"elementor-spacer\">\n\t\t\t<div class=\"elementor-spacer-inner\"><\/div>\n\t\t<\/div>\n\t\t\t\t\t\t<\/div>\n\t\t\t\t<\/div>\n\t\t\t\t<\/div>\n\t\t\t\t\t<\/div>\n\t\t\t\t<\/div>\n\t\t<div class=\"elementor-element elementor-element-8c72a8e e-flex e-con-boxed e-con e-parent\" data-id=\"8c72a8e\" data-element_type=\"container\" data-e-type=\"container\">\n\t\t\t\t\t<div class=\"e-con-inner\">\n\t\t\t\t<div class=\"elementor-element elementor-element-523c4ce elementor-widget elementor-widget-spacer\" data-id=\"523c4ce\" data-element_type=\"widget\" data-e-type=\"widget\" data-widget_type=\"spacer.default\">\n\t\t\t\t<div class=\"elementor-widget-container\">\n\t\t\t\t\t\t\t<div class=\"elementor-spacer\">\n\t\t\t<div class=\"elementor-spacer-inner\"><\/div>\n\t\t<\/div>\n\t\t\t\t\t\t<\/div>\n\t\t\t\t<\/div>\n\t\t<div class=\"elementor-element elementor-element-b724ddc e-con-full e-flex e-con e-child\" data-id=\"b724ddc\" data-element_type=\"container\" data-e-type=\"container\" data-settings=\"{&quot;background_background&quot;:&quot;classic&quot;}\">\n\t\t\t\t<\/div>\n\t\t\t\t<div class=\"elementor-element elementor-element-dfda925 elementor-widget elementor-widget-spacer\" data-id=\"dfda925\" data-element_type=\"widget\" data-e-type=\"widget\" data-widget_type=\"spacer.default\">\n\t\t\t\t<div class=\"elementor-widget-container\">\n\t\t\t\t\t\t\t<div class=\"elementor-spacer\">\n\t\t\t<div class=\"elementor-spacer-inner\"><\/div>\n\t\t<\/div>\n\t\t\t\t\t\t<\/div>\n\t\t\t\t<\/div>\n\t\t\t\t\t<\/div>\n\t\t\t\t<\/div>\n\t\t\t\t<\/div>\n\t\t","protected":false},"excerpt":{"rendered":"<p>Retro Area Retro Flohmarkt Auch unser beliebter Retroflohmarkt findet wieder statt, mit zahlreichen Verkaufstischen bieten H\u00e4ndler:innen wieder alles an, was das Retroherz an Hard- und Software begehrt.Dabei findet ihr alles von Vintage-Merchandise \u00fcber Klassiker wie Zubeh\u00f6r f\u00fcr Game Boy, Gamecube&#8230;<\/p>\n","protected":false},"author":12,"featured_media":0,"parent":30737,"menu_order":0,"comment_status":"closed","ping_status":"closed","template":"","meta":{"footnotes":""},"class_list":["post-31294","page","type-page","status-publish","hentry"],"yoast_head":"<!-- This site is optimized with the Yoast SEO plugin v27.3 - https:\/\/yoast.com\/product\/yoast-seo-wordpress\/ -->\n<title>Retro Area - POLARIS<\/title>\n<meta name=\"robots\" content=\"index, follow, max-snippet:-1, max-image-preview:large, max-video-preview:-1\" \/>\n<link rel=\"canonical\" href=\"https:\/\/polaris.wp.super-crowd.com\/de_de\/fuer-besuchende\/unsere-areas\/retro-area\/\" \/>\n<meta property=\"og:locale\" content=\"de_DE\" \/>\n<meta property=\"og:type\" content=\"article\" \/>\n<meta property=\"og:title\" content=\"Retro Area - POLARIS\" \/>\n<meta property=\"og:description\" content=\"Retro Area Retro Flohmarkt Auch unser beliebter Retroflohmarkt findet wieder statt, mit zahlreichen Verkaufstischen bieten H\u00e4ndler:innen wieder alles an, was das Retroherz an Hard- und Software begehrt.Dabei findet ihr alles von Vintage-Merchandise \u00fcber Klassiker wie Zubeh\u00f6r f\u00fcr Game Boy, Gamecube...\" \/>\n<meta property=\"og:url\" content=\"https:\/\/polaris.wp.super-crowd.com\/de_de\/fuer-besuchende\/unsere-areas\/retro-area\/\" \/>\n<meta property=\"og:site_name\" content=\"POLARIS\" \/>\n<meta property=\"article:modified_time\" content=\"2026-03-06T07:19:02+00:00\" \/>\n<meta property=\"og:image\" content=\"https:\/\/polaris-con.de\/wp-content\/uploads\/2025\/03\/PO24_RO_121024_03560-1-1024x683.jpg\" \/>\n<meta name=\"twitter:card\" content=\"summary_large_image\" \/>\n<meta name=\"twitter:label1\" content=\"Gesch\u00e4tzte Lesezeit\" \/>\n\t<meta name=\"twitter:data1\" content=\"4\u00a0Minuten\" \/>\n<script type=\"application\/ld+json\" class=\"yoast-schema-graph\">{\"@context\":\"https:\\\/\\\/schema.org\",\"@graph\":[{\"@type\":\"WebPage\",\"@id\":\"https:\\\/\\\/polaris.wp.super-crowd.com\\\/de_de_de\\\/fuer-besuchende\\\/unsere-areas\\\/retro-area\\\/\",\"url\":\"https:\\\/\\\/polaris.wp.super-crowd.com\\\/de_de_de\\\/fuer-besuchende\\\/unsere-areas\\\/retro-area\\\/\",\"name\":\"Retro Area - POLARIS\",\"isPartOf\":{\"@id\":\"https:\\\/\\\/polaris.wp.super-crowd.com\\\/de_de\\\/#website\"},\"primaryImageOfPage\":{\"@id\":\"https:\\\/\\\/polaris.wp.super-crowd.com\\\/de_de_de\\\/fuer-besuchende\\\/unsere-areas\\\/retro-area\\\/#primaryimage\"},\"image\":{\"@id\":\"https:\\\/\\\/polaris.wp.super-crowd.com\\\/de_de_de\\\/fuer-besuchende\\\/unsere-areas\\\/retro-area\\\/#primaryimage\"},\"thumbnailUrl\":\"https:\\\/\\\/polaris-con.de\\\/wp-content\\\/uploads\\\/2025\\\/03\\\/PO24_RO_121024_03560-1-1024x683.jpg\",\"datePublished\":\"2025-03-14T07:34:08+00:00\",\"dateModified\":\"2026-03-06T07:19:02+00:00\",\"breadcrumb\":{\"@id\":\"https:\\\/\\\/polaris.wp.super-crowd.com\\\/de_de_de\\\/fuer-besuchende\\\/unsere-areas\\\/retro-area\\\/#breadcrumb\"},\"inLanguage\":\"de\",\"potentialAction\":[{\"@type\":\"ReadAction\",\"target\":[\"https:\\\/\\\/polaris.wp.super-crowd.com\\\/de_de_de\\\/fuer-besuchende\\\/unsere-areas\\\/retro-area\\\/\"]}]},{\"@type\":\"ImageObject\",\"inLanguage\":\"de\",\"@id\":\"https:\\\/\\\/polaris.wp.super-crowd.com\\\/de_de_de\\\/fuer-besuchende\\\/unsere-areas\\\/retro-area\\\/#primaryimage\",\"url\":\"https:\\\/\\\/polaris-con.de\\\/wp-content\\\/uploads\\\/2025\\\/03\\\/PO24_RO_121024_03560-1-1024x683.jpg\",\"contentUrl\":\"https:\\\/\\\/polaris-con.de\\\/wp-content\\\/uploads\\\/2025\\\/03\\\/PO24_RO_121024_03560-1-1024x683.jpg\"},{\"@type\":\"BreadcrumbList\",\"@id\":\"https:\\\/\\\/polaris.wp.super-crowd.com\\\/de_de_de\\\/fuer-besuchende\\\/unsere-areas\\\/retro-area\\\/#breadcrumb\",\"itemListElement\":[{\"@type\":\"ListItem\",\"position\":1,\"name\":\"F\u00fcr Besuchende\",\"item\":\"https:\\\/\\\/polaris.wp.super-crowd.com\\\/de_de_de\\\/fuer-besuchende\\\/\"},{\"@type\":\"ListItem\",\"position\":2,\"name\":\"Unsere Areas\",\"item\":\"https:\\\/\\\/polaris.wp.super-crowd.com\\\/de_de_de\\\/fuer-besuchende\\\/unsere-areas\\\/\"},{\"@type\":\"ListItem\",\"position\":3,\"name\":\"Retro Area\"}]},{\"@type\":\"WebSite\",\"@id\":\"https:\\\/\\\/polaris.wp.super-crowd.com\\\/de_de\\\/#website\",\"url\":\"https:\\\/\\\/polaris.wp.super-crowd.com\\\/de_de\\\/\",\"name\":\"POLARIS\",\"description\":\"Dein Community-Universum\",\"potentialAction\":[{\"@type\":\"SearchAction\",\"target\":{\"@type\":\"EntryPoint\",\"urlTemplate\":\"https:\\\/\\\/polaris.wp.super-crowd.com\\\/de_de\\\/?s={search_term_string}\"},\"query-input\":{\"@type\":\"PropertyValueSpecification\",\"valueRequired\":true,\"valueName\":\"search_term_string\"}}],\"inLanguage\":\"de\"}]}<\/script>\n<!-- \/ Yoast SEO plugin. -->","yoast_head_json":{"title":"Retro Area - POLARIS","robots":{"index":"index","follow":"follow","max-snippet":"max-snippet:-1","max-image-preview":"max-image-preview:large","max-video-preview":"max-video-preview:-1"},"canonical":"https:\/\/polaris.wp.super-crowd.com\/de_de\/fuer-besuchende\/unsere-areas\/retro-area\/","og_locale":"de_DE","og_type":"article","og_title":"Retro Area - POLARIS","og_description":"Retro Area Retro Flohmarkt Auch unser beliebter Retroflohmarkt findet wieder statt, mit zahlreichen Verkaufstischen bieten H\u00e4ndler:innen wieder alles an, was das Retroherz an Hard- und Software begehrt.Dabei findet ihr alles von Vintage-Merchandise \u00fcber Klassiker wie Zubeh\u00f6r f\u00fcr Game Boy, Gamecube...","og_url":"https:\/\/polaris.wp.super-crowd.com\/de_de\/fuer-besuchende\/unsere-areas\/retro-area\/","og_site_name":"POLARIS","article_modified_time":"2026-03-06T07:19:02+00:00","og_image":[{"url":"https:\/\/polaris-con.de\/wp-content\/uploads\/2025\/03\/PO24_RO_121024_03560-1-1024x683.jpg","type":"","width":"","height":""}],"twitter_card":"summary_large_image","twitter_misc":{"Gesch\u00e4tzte Lesezeit":"4\u00a0Minuten"},"schema":{"@context":"https:\/\/schema.org","@graph":[{"@type":"WebPage","@id":"https:\/\/polaris.wp.super-crowd.com\/de_de_de\/fuer-besuchende\/unsere-areas\/retro-area\/","url":"https:\/\/polaris.wp.super-crowd.com\/de_de_de\/fuer-besuchende\/unsere-areas\/retro-area\/","name":"Retro Area - POLARIS","isPartOf":{"@id":"https:\/\/polaris.wp.super-crowd.com\/de_de\/#website"},"primaryImageOfPage":{"@id":"https:\/\/polaris.wp.super-crowd.com\/de_de_de\/fuer-besuchende\/unsere-areas\/retro-area\/#primaryimage"},"image":{"@id":"https:\/\/polaris.wp.super-crowd.com\/de_de_de\/fuer-besuchende\/unsere-areas\/retro-area\/#primaryimage"},"thumbnailUrl":"https:\/\/polaris-con.de\/wp-content\/uploads\/2025\/03\/PO24_RO_121024_03560-1-1024x683.jpg","datePublished":"2025-03-14T07:34:08+00:00","dateModified":"2026-03-06T07:19:02+00:00","breadcrumb":{"@id":"https:\/\/polaris.wp.super-crowd.com\/de_de_de\/fuer-besuchende\/unsere-areas\/retro-area\/#breadcrumb"},"inLanguage":"de","potentialAction":[{"@type":"ReadAction","target":["https:\/\/polaris.wp.super-crowd.com\/de_de_de\/fuer-besuchende\/unsere-areas\/retro-area\/"]}]},{"@type":"ImageObject","inLanguage":"de","@id":"https:\/\/polaris.wp.super-crowd.com\/de_de_de\/fuer-besuchende\/unsere-areas\/retro-area\/#primaryimage","url":"https:\/\/polaris-con.de\/wp-content\/uploads\/2025\/03\/PO24_RO_121024_03560-1-1024x683.jpg","contentUrl":"https:\/\/polaris-con.de\/wp-content\/uploads\/2025\/03\/PO24_RO_121024_03560-1-1024x683.jpg"},{"@type":"BreadcrumbList","@id":"https:\/\/polaris.wp.super-crowd.com\/de_de_de\/fuer-besuchende\/unsere-areas\/retro-area\/#breadcrumb","itemListElement":[{"@type":"ListItem","position":1,"name":"F\u00fcr Besuchende","item":"https:\/\/polaris.wp.super-crowd.com\/de_de_de\/fuer-besuchende\/"},{"@type":"ListItem","position":2,"name":"Unsere Areas","item":"https:\/\/polaris.wp.super-crowd.com\/de_de_de\/fuer-besuchende\/unsere-areas\/"},{"@type":"ListItem","position":3,"name":"Retro Area"}]},{"@type":"WebSite","@id":"https:\/\/polaris.wp.super-crowd.com\/de_de\/#website","url":"https:\/\/polaris.wp.super-crowd.com\/de_de\/","name":"POLARIS","description":"Dein Community-Universum","potentialAction":[{"@type":"SearchAction","target":{"@type":"EntryPoint","urlTemplate":"https:\/\/polaris.wp.super-crowd.com\/de_de\/?s={search_term_string}"},"query-input":{"@type":"PropertyValueSpecification","valueRequired":true,"valueName":"search_term_string"}}],"inLanguage":"de"}]}},"_links":{"self":[{"href":"https:\/\/polaris.wp.super-crowd.com\/de_de\/wp-json\/wp\/v2\/pages\/31294","targetHints":{"allow":["GET"]}}],"collection":[{"href":"https:\/\/polaris.wp.super-crowd.com\/de_de\/wp-json\/wp\/v2\/pages"}],"about":[{"href":"https:\/\/polaris.wp.super-crowd.com\/de_de\/wp-json\/wp\/v2\/types\/page"}],"author":[{"embeddable":true,"href":"https:\/\/polaris.wp.super-crowd.com\/de_de\/wp-json\/wp\/v2\/users\/12"}],"replies":[{"embeddable":true,"href":"https:\/\/polaris.wp.super-crowd.com\/de_de\/wp-json\/wp\/v2\/comments?post=31294"}],"version-history":[{"count":171,"href":"https:\/\/polaris.wp.super-crowd.com\/de_de\/wp-json\/wp\/v2\/pages\/31294\/revisions"}],"predecessor-version":[{"id":66974,"href":"https:\/\/polaris.wp.super-crowd.com\/de_de\/wp-json\/wp\/v2\/pages\/31294\/revisions\/66974"}],"up":[{"embeddable":true,"href":"https:\/\/polaris.wp.super-crowd.com\/de_de\/wp-json\/wp\/v2\/pages\/30737"}],"wp:attachment":[{"href":"https:\/\/polaris.wp.super-crowd.com\/de_de\/wp-json\/wp\/v2\/media?parent=31294"}],"curies":[{"name":"wp","href":"https:\/\/api.w.org\/{rel}","templated":true}]}}